{"id":1258,"date":"2019-04-30T19:07:12","date_gmt":"2019-04-30T17:07:12","guid":{"rendered":"http:\/\/archiwumnauki.pan.pl\/?page_id=1258"},"modified":"2019-04-30T19:07:12","modified_gmt":"2019-04-30T17:07:12","slug":"pierwsze-lata-dzialalnosci-oddzialu-pan-w-krakowie-wystawa-1997-11-07-1997-11-08","status":"publish","type":"page","link":"https:\/\/archiwumnauki.pan.pl\/?page_id=1258","title":{"rendered":"Pierwsze lata dzia\u0142alno\u015bci Oddzia\u0142u PAN w Krakowie, (wystawa: 1997-11-07 &#8211; 1997-11-08)"},"content":{"rendered":"<p><span style=\"font-size: 12pt;\"><strong><em>Wystawy okoliczno\u015bciowe<\/em><\/strong><\/span><\/p>\n<h2><span style=\"font-size: 12pt;\"><strong>Pierwsze lata dzia\u0142alno\u015bci Oddzia\u0142u PAN w Krakowie<\/strong><\/span><\/h2>\n<h4><span style=\"font-size: 12pt;\"><strong>Wystawa by\u0142a prezentowana w dniach 07 XI 1997 &#8211; 08 XI 1997<\/strong><\/span><\/h4>\n<p>&nbsp;<\/p>\n","protected":false},"excerpt":{"rendered":"<p>Wystawy okoliczno\u015bciowe Pierwsze lata dzia\u0142alno\u015bci Oddzia\u0142u PAN w Krakowie Wystawa by\u0142a prezentowana w dniach 07 XI 1997 &#8211; 08 XI 1997 &nbsp;<\/p>\n","protected":false},"author":55,"featured_media":0,"parent":0,"menu_order":0,"comment_status":"closed","ping_status":"closed","template":"","meta":[],"_links":{"self":[{"href":"https:\/\/archiwumnauki.pan.pl\/index.php?rest_route=\/wp\/v2\/pages\/1258"}],"collection":[{"href":"https:\/\/archiwumnauki.pan.pl\/index.php?rest_route=\/wp\/v2\/pages"}],"about":[{"href":"https:\/\/archiwumnauki.pan.pl\/index.php?rest_route=\/wp\/v2\/types\/page"}],"author":[{"embeddable":true,"href":"https:\/\/archiwumnauki.pan.pl\/index.php?rest_route=\/wp\/v2\/users\/55"}],"replies":[{"embeddable":true,"href":"https:\/\/archiwumnauki.pan.pl\/index.php?rest_route=%2Fwp%2Fv2%2Fcomments&post=1258"}],"version-history":[{"count":1,"href":"https:\/\/archiwumnauki.pan.pl\/index.php?rest_route=\/wp\/v2\/pages\/1258\/revisions"}],"predecessor-version":[{"id":1259,"href":"https:\/\/archiwumnauki.pan.pl\/index.php?rest_route=\/wp\/v2\/pages\/1258\/revisions\/1259"}],"wp:attachment":[{"href":"https:\/\/archiwumnauki.pan.pl\/index.php?rest_route=%2Fwp%2Fv2%2Fmedia&parent=1258"}],"curies":[{"name":"wp","href":"https:\/\/api.w.org\/{rel}","templated":true}]}}