{"id":1252,"date":"2019-04-30T19:06:02","date_gmt":"2019-04-30T17:06:02","guid":{"rendered":"http:\/\/archiwumnauki.pan.pl\/?page_id=1252"},"modified":"2019-04-30T19:06:02","modified_gmt":"2019-04-30T17:06:02","slug":"karolowi-wojtyle-janowi-pawlowi-ii-wystawa-1997-06-03-1997-06-13","status":"publish","type":"page","link":"https:\/\/archiwumnauki.pan.pl\/?page_id=1252","title":{"rendered":"Karolowi Wojtyle &#8211; Janowi Paw\u0142owi II, (wystawa: 1997-06-03 &#8211; 1997-06-13)"},"content":{"rendered":"<div><strong>Wystawy okoliczno\u015bciowe<\/strong><\/div>\n<div><strong>Karolowi Wojtyle &#8211; Janowi Paw\u0142owi II<\/strong><\/div>\n<div><strong>Wystawa by\u0142a prezentowana w dniach 03 VI 1997 &#8211; 13 VI 1997<\/strong><\/div>\n<p><img decoding=\"async\" loading=\"lazy\" class=\"alignnone size-medium wp-image-1253\" src=\"https:\/\/archiwumnauki.pan.pl\/wp-content\/uploads\/2019\/04\/karol_wojtyla-193x300.jpg\" alt=\"\" width=\"193\" height=\"300\" srcset=\"https:\/\/archiwumnauki.pan.pl\/wp-content\/uploads\/2019\/04\/karol_wojtyla-193x300.jpg 193w, https:\/\/archiwumnauki.pan.pl\/wp-content\/uploads\/2019\/04\/karol_wojtyla-173x270.jpg 173w, https:\/\/archiwumnauki.pan.pl\/wp-content\/uploads\/2019\/04\/karol_wojtyla.jpg 206w\" sizes=\"(max-width: 193px) 100vw, 193px\" \/> <img decoding=\"async\" loading=\"lazy\" class=\"alignnone size-full wp-image-1256\" src=\"https:\/\/archiwumnauki.pan.pl\/wp-content\/uploads\/2019\/04\/papiez.jpg\" alt=\"\" width=\"212\" height=\"260\" \/><\/p>\n<p>Inspiracj\u0105 do zorganizowania wystawy sta\u0142a si\u0119 V Pielgrzymka Papie\u017ca do Polski.<\/p>\n<p>Wi\u0119cej informacji na temat ekspozycji mo\u017cna uzyska\u0107 w katalogu wystawy.<\/p>\n","protected":false},"excerpt":{"rendered":"<p>Wystawy okoliczno\u015bciowe Karolowi Wojtyle &#8211; Janowi Paw\u0142owi II Wystawa by\u0142a prezentowana w dniach 03 VI 1997 &#8211; 13 VI 1997 Inspiracj\u0105 do zorganizowania wystawy sta\u0142a si\u0119 V Pielgrzymka Papie\u017ca do Polski. Wi\u0119cej informacji na temat ekspozycji mo\u017cna uzyska\u0107 w katalogu wystawy.<\/p>\n","protected":false},"author":55,"featured_media":0,"parent":0,"menu_order":0,"comment_status":"closed","ping_status":"closed","template":"","meta":[],"_links":{"self":[{"href":"https:\/\/archiwumnauki.pan.pl\/index.php?rest_route=\/wp\/v2\/pages\/1252"}],"collection":[{"href":"https:\/\/archiwumnauki.pan.pl\/index.php?rest_route=\/wp\/v2\/pages"}],"about":[{"href":"https:\/\/archiwumnauki.pan.pl\/index.php?rest_route=\/wp\/v2\/types\/page"}],"author":[{"embeddable":true,"href":"https:\/\/archiwumnauki.pan.pl\/index.php?rest_route=\/wp\/v2\/users\/55"}],"replies":[{"embeddable":true,"href":"https:\/\/archiwumnauki.pan.pl\/index.php?rest_route=%2Fwp%2Fv2%2Fcomments&post=1252"}],"version-history":[{"count":1,"href":"https:\/\/archiwumnauki.pan.pl\/index.php?rest_route=\/wp\/v2\/pages\/1252\/revisions"}],"predecessor-version":[{"id":1257,"href":"https:\/\/archiwumnauki.pan.pl\/index.php?rest_route=\/wp\/v2\/pages\/1252\/revisions\/1257"}],"wp:attachment":[{"href":"https:\/\/archiwumnauki.pan.pl\/index.php?rest_route=%2Fwp%2Fv2%2Fmedia&parent=1252"}],"curies":[{"name":"wp","href":"https:\/\/api.w.org\/{rel}","templated":true}]}}