{"id":1250,"date":"2019-04-30T19:03:18","date_gmt":"2019-04-30T17:03:18","guid":{"rendered":"http:\/\/archiwumnauki.pan.pl\/?page_id=1250"},"modified":"2021-02-02T12:32:18","modified_gmt":"2021-02-02T11:32:18","slug":"slady-dalekowschodnich-wypraw-w-materialach-wladyslawa-kotwicza-wystawa-1994-11-15-1994-12-16","status":"publish","type":"page","link":"https:\/\/archiwumnauki.pan.pl\/?page_id=1250","title":{"rendered":"\u015alady dalekowschodnich wypraw w materia\u0142ach W\u0142adys\u0142awa Kotwicza, (wystawa: 1994-11-14- 1994-12-16)"},"content":{"rendered":"<div><strong>Wystawy okoliczno\u015bciowe<\/strong><\/div>\n<div><strong>\u015alady dalekowschodnich wypraw w materia\u0142ach W\u0142adys\u0142awa Kotwicza<\/strong><\/div>\n<div><strong>Wystawa by\u0142a prezentowana w dniach 14 XI 1994 &#8211; 16 XII 1994<\/strong><\/div>\n<p style=\"text-align: justify;\">W\u0142adys\u0142aw Kotwicz &#8211; orientalista, mongolista. Inspiracj\u0105 do zorganizowania ekspozycji sta\u0142a si\u0119 50-ta rocznica \u015bmierci uczonego oraz otwarcie sali wystawowej w budynku Polskiej Akademii Umiej\u0119tno\u015bci przy ul. \u015bw. Jana 26, zaaran\u017cowanej ze \u015brodk\u00f3w Fundacji Na Rzecz Nauki Polskiej.<\/p>\n<p style=\"text-align: justify;\">Wi\u0119cej informacji na temat wystawy mo\u017cna uzyska\u0107 w katalogu wystawy i Krakowskim Roczniku Archiwalnym, numer II z 1994 roku.<\/p>\n","protected":false},"excerpt":{"rendered":"<p>Wystawy okoliczno\u015bciowe \u015alady dalekowschodnich wypraw w materia\u0142ach W\u0142adys\u0142awa Kotwicza Wystawa by\u0142a prezentowana w dniach 14 XI 1994 &#8211; 16 XII 1994 W\u0142adys\u0142aw Kotwicz &#8211; orientalista, mongolista. Inspiracj\u0105 do zorganizowania ekspozycji sta\u0142a si\u0119 50-ta rocznica \u015bmierci uczonego oraz otwarcie sali wystawowej w budynku Polskiej Akademii Umiej\u0119tno\u015bci przy ul. \u015bw. Jana 26, zaaran\u017cowanej ze \u015brodk\u00f3w Fundacji Na &hellip; <\/p>\n<p class=\"read-more\"><a class=\"btn btn-default\" href=\"https:\/\/archiwumnauki.pan.pl\/?page_id=1250\"> Read More<span class=\"screen-reader-text\">  Read More<\/span><\/a><\/p>\n","protected":false},"author":55,"featured_media":0,"parent":0,"menu_order":0,"comment_status":"closed","ping_status":"closed","template":"","meta":[],"_links":{"self":[{"href":"https:\/\/archiwumnauki.pan.pl\/index.php?rest_route=\/wp\/v2\/pages\/1250"}],"collection":[{"href":"https:\/\/archiwumnauki.pan.pl\/index.php?rest_route=\/wp\/v2\/pages"}],"about":[{"href":"https:\/\/archiwumnauki.pan.pl\/index.php?rest_route=\/wp\/v2\/types\/page"}],"author":[{"embeddable":true,"href":"https:\/\/archiwumnauki.pan.pl\/index.php?rest_route=\/wp\/v2\/users\/55"}],"replies":[{"embeddable":true,"href":"https:\/\/archiwumnauki.pan.pl\/index.php?rest_route=%2Fwp%2Fv2%2Fcomments&post=1250"}],"version-history":[{"count":2,"href":"https:\/\/archiwumnauki.pan.pl\/index.php?rest_route=\/wp\/v2\/pages\/1250\/revisions"}],"predecessor-version":[{"id":2717,"href":"https:\/\/archiwumnauki.pan.pl\/index.php?rest_route=\/wp\/v2\/pages\/1250\/revisions\/2717"}],"wp:attachment":[{"href":"https:\/\/archiwumnauki.pan.pl\/index.php?rest_route=%2Fwp%2Fv2%2Fmedia&parent=1250"}],"curies":[{"name":"wp","href":"https:\/\/api.w.org\/{rel}","templated":true}]}}