{"id":1232,"date":"2019-04-30T18:44:32","date_gmt":"2019-04-30T16:44:32","guid":{"rendered":"http:\/\/archiwumnauki.pan.pl\/?page_id=1232"},"modified":"2021-02-02T12:29:34","modified_gmt":"2021-02-02T11:29:34","slug":"w-poszukiwaniu-prawdy-w-nauce-i-w-zyciu-jerzy-smolenski-1881-1940-geograf-i-geolog-wystawa-2010-11-19-2011-02-18","status":"publish","type":"page","link":"https:\/\/archiwumnauki.pan.pl\/?page_id=1232","title":{"rendered":"W poszukiwaniu prawdy w nauce i w \u017cyciu Jerzy Smole\u0144ski (1881-1940), geograf i geolog, (wystawa: 2010-11-19 &#8211; 2011-02-11)"},"content":{"rendered":"<div><strong>W s\u0142u\u017cbie Nauki&#8230;<\/strong><\/div>\n<div><strong>W poszukiwaniu prawdy w nauce i w \u017cyciu Jerzy Smole\u0144ski (1881-1940), geograf i geolog<\/strong><\/div>\n<div><strong>Wystawa by\u0142a prezentowana w dniach 19 XI 2010 &#8211; 11 II 2011<\/strong><\/div>\n<p>&nbsp;<\/p>\n<p><img decoding=\"async\" loading=\"lazy\" class=\"size-full wp-image-1233 alignleft\" src=\"https:\/\/archiwumnauki.pan.pl\/wp-content\/uploads\/2019\/04\/smolenski-1.jpg\" alt=\"\" width=\"179\" height=\"280\" srcset=\"https:\/\/archiwumnauki.pan.pl\/wp-content\/uploads\/2019\/04\/smolenski-1.jpg 179w, https:\/\/archiwumnauki.pan.pl\/wp-content\/uploads\/2019\/04\/smolenski-1-173x270.jpg 173w\" sizes=\"(max-width: 179px) 100vw, 179px\" \/><\/p>\n<p>Polska Akademia Umiej\u0119tno\u015bci, Instytut Geografii i Gospodarki Przestrzennej UJ, Archiwum Nauki PAN i PAU w 70. rocznic\u0119 \u015bmierci Jerzego Smole\u0144skiego uprzejmie zapraszaj\u0105 na otwarcie wystawy \u201eW poszukiwaniu prawdy w nauce i w \u017cyciu\u201d po\u015bwi\u0119conej Jerzemu Smole\u0144skiemu geografowi, geologowi, profesorowi Uniwersytetu Jagiello\u0144skiego, kt\u00f3re nast\u0105pi w pi\u0105tek 19 listopada 2010 roku o godzinie 14.30 w sali wystawowej przy ul. \u015aw. Jana 26 oraz na Posiedzenie Naukowe tego samego dnia o godz. 11.00 w Du\u017cej Sali PAU przy ul. S\u0142awkowskiej 17.<\/p>\n<p>&nbsp;<\/p>\n<p>&nbsp;<\/p>\n<div id=\"right_column\">\n<p>Powi\u0105zane materia\u0142y:<\/p>\n<ol>\n<li><a href=\"https:\/\/archiwumnauki.pan.pl\/wp-content\/uploads\/2019\/04\/smolenski_zaproszenie.pdf\">Zaproszenie na wystaw\u0119<\/a><\/li>\n<\/ol>\n<p>&nbsp;<\/p>\n<div align=\"center\"><img decoding=\"async\" loading=\"lazy\" class=\"alignnone size-medium wp-image-1234\" src=\"https:\/\/archiwumnauki.pan.pl\/wp-content\/uploads\/2019\/04\/smolenski_plakat-213x300.jpg\" alt=\"\" width=\"213\" height=\"300\" srcset=\"https:\/\/archiwumnauki.pan.pl\/wp-content\/uploads\/2019\/04\/smolenski_plakat-213x300.jpg 213w, https:\/\/archiwumnauki.pan.pl\/wp-content\/uploads\/2019\/04\/smolenski_plakat-192x270.jpg 192w, https:\/\/archiwumnauki.pan.pl\/wp-content\/uploads\/2019\/04\/smolenski_plakat.jpg 355w\" sizes=\"(max-width: 213px) 100vw, 213px\" \/><br \/>\n<span class=\"note\">Plakat wystawy<\/span><\/div>\n<p>&nbsp;<\/p>\n<div class=\"galeria_mini\"><\/div>\n<\/div>\n","protected":false},"excerpt":{"rendered":"<p>W s\u0142u\u017cbie Nauki&#8230; W poszukiwaniu prawdy w nauce i w \u017cyciu Jerzy Smole\u0144ski (1881-1940), geograf i geolog Wystawa by\u0142a prezentowana w dniach 19 XI 2010 &#8211; 11 II 2011 &nbsp; Polska Akademia Umiej\u0119tno\u015bci, Instytut Geografii i Gospodarki Przestrzennej UJ, Archiwum Nauki PAN i PAU w 70. rocznic\u0119 \u015bmierci Jerzego Smole\u0144skiego uprzejmie zapraszaj\u0105 na otwarcie wystawy &hellip; <\/p>\n<p class=\"read-more\"><a class=\"btn btn-default\" href=\"https:\/\/archiwumnauki.pan.pl\/?page_id=1232\"> Read More<span class=\"screen-reader-text\">  Read More<\/span><\/a><\/p>\n","protected":false},"author":55,"featured_media":0,"parent":0,"menu_order":0,"comment_status":"closed","ping_status":"closed","template":"","meta":[],"_links":{"self":[{"href":"https:\/\/archiwumnauki.pan.pl\/index.php?rest_route=\/wp\/v2\/pages\/1232"}],"collection":[{"href":"https:\/\/archiwumnauki.pan.pl\/index.php?rest_route=\/wp\/v2\/pages"}],"about":[{"href":"https:\/\/archiwumnauki.pan.pl\/index.php?rest_route=\/wp\/v2\/types\/page"}],"author":[{"embeddable":true,"href":"https:\/\/archiwumnauki.pan.pl\/index.php?rest_route=\/wp\/v2\/users\/55"}],"replies":[{"embeddable":true,"href":"https:\/\/archiwumnauki.pan.pl\/index.php?rest_route=%2Fwp%2Fv2%2Fcomments&post=1232"}],"version-history":[{"count":3,"href":"https:\/\/archiwumnauki.pan.pl\/index.php?rest_route=\/wp\/v2\/pages\/1232\/revisions"}],"predecessor-version":[{"id":2715,"href":"https:\/\/archiwumnauki.pan.pl\/index.php?rest_route=\/wp\/v2\/pages\/1232\/revisions\/2715"}],"wp:attachment":[{"href":"https:\/\/archiwumnauki.pan.pl\/index.php?rest_route=%2Fwp%2Fv2%2Fmedia&parent=1232"}],"curies":[{"name":"wp","href":"https:\/\/api.w.org\/{rel}","templated":true}]}}