{"id":1227,"date":"2019-04-30T18:40:53","date_gmt":"2019-04-30T16:40:53","guid":{"rendered":"http:\/\/archiwumnauki.pan.pl\/?page_id=1227"},"modified":"2021-02-02T12:28:46","modified_gmt":"2021-02-02T11:28:46","slug":"civis-cracoviensis-wieslaw-bienkowski-1926-1999-biograf-i-bibliograf-wystawa-2010-06-07-2010-10-15","status":"publish","type":"page","link":"https:\/\/archiwumnauki.pan.pl\/?page_id=1227","title":{"rendered":"Civis Cracoviensis Wies\u0142aw Bie\u0144kowski (1926\u20131999), biograf i bibliograf, (wystawa: 2010-06-07 &#8211; 2010-10-15)"},"content":{"rendered":"<div style=\"text-align: justify;\"><strong>W s\u0142u\u017cbie Nauki&#8230;<\/strong><\/div>\n<div style=\"text-align: justify;\"><strong>Civis Cracoviensis Wies\u0142aw Bie\u0144kowski (1926\u20131999), biograf i bibliograf<\/strong><\/div>\n<div style=\"text-align: justify;\"><strong>Wystawa by\u0142a prezentowana w dniach 07 VI 2010 &#8211; 15 X 2010<\/strong><\/div>\n<div class=\"floatleft\" style=\"text-align: justify;\"><img decoding=\"async\" loading=\"lazy\" class=\"size-full wp-image-1230 alignleft\" src=\"https:\/\/archiwumnauki.pan.pl\/wp-content\/uploads\/2019\/04\/W_Bienk.jpg\" alt=\"\" width=\"216\" height=\"280\" srcset=\"https:\/\/archiwumnauki.pan.pl\/wp-content\/uploads\/2019\/04\/W_Bienk.jpg 216w, https:\/\/archiwumnauki.pan.pl\/wp-content\/uploads\/2019\/04\/W_Bienk-208x270.jpg 208w\" sizes=\"(max-width: 216px) 100vw, 216px\" \/><\/div>\n<p style=\"text-align: justify;\">Polska Akademia Umiej\u0119tno\u015bci, Archiwum Nauki PAN i PAU zapraszaj\u0105 na otwarcie wystawy Civis Cracoviensis po\u015bwi\u0119conej Wies\u0142awowi Bie\u0144kowskiemu, kt\u00f3re nast\u0105pi w poniedzia\u0142ek 7 czerwca 2010 roku o godzinie 17.00 w sali wystawowej przy ul. \u015aw. Jana 26.<\/p>\n<p style=\"text-align: justify;\">Powi\u0105zane materia\u0142y:<\/p>\n<ol style=\"text-align: justify;\">\n<li><a href=\"https:\/\/archiwumnauki.pan.pl\/wp-content\/uploads\/2019\/04\/Bienkowski_zaproszenie.pdf\">Zaproszenie na wystaw\u0119<\/a><\/li>\n<\/ol>\n<div style=\"text-align: justify;\" align=\"center\"><img decoding=\"async\" loading=\"lazy\" class=\"alignnone size-medium wp-image-1229\" src=\"https:\/\/archiwumnauki.pan.pl\/wp-content\/uploads\/2019\/04\/bienkowski_plakat-212x300.jpg\" alt=\"\" width=\"212\" height=\"300\" srcset=\"https:\/\/archiwumnauki.pan.pl\/wp-content\/uploads\/2019\/04\/bienkowski_plakat-212x300.jpg 212w, https:\/\/archiwumnauki.pan.pl\/wp-content\/uploads\/2019\/04\/bienkowski_plakat-191x270.jpg 191w, https:\/\/archiwumnauki.pan.pl\/wp-content\/uploads\/2019\/04\/bienkowski_plakat.jpg 354w\" sizes=\"(max-width: 212px) 100vw, 212px\" \/><br \/>\n<span class=\"note\">Plakat wystawy<\/span><\/div>\n<p style=\"text-align: justify;\">\n","protected":false},"excerpt":{"rendered":"<p>W s\u0142u\u017cbie Nauki&#8230; Civis Cracoviensis Wies\u0142aw Bie\u0144kowski (1926\u20131999), biograf i bibliograf Wystawa by\u0142a prezentowana w dniach 07 VI 2010 &#8211; 15 X 2010 Polska Akademia Umiej\u0119tno\u015bci, Archiwum Nauki PAN i PAU zapraszaj\u0105 na otwarcie wystawy Civis Cracoviensis po\u015bwi\u0119conej Wies\u0142awowi Bie\u0144kowskiemu, kt\u00f3re nast\u0105pi w poniedzia\u0142ek 7 czerwca 2010 roku o godzinie 17.00 w sali wystawowej przy &hellip; <\/p>\n<p class=\"read-more\"><a class=\"btn btn-default\" href=\"https:\/\/archiwumnauki.pan.pl\/?page_id=1227\"> Read More<span class=\"screen-reader-text\">  Read More<\/span><\/a><\/p>\n","protected":false},"author":55,"featured_media":0,"parent":0,"menu_order":0,"comment_status":"closed","ping_status":"closed","template":"","meta":[],"_links":{"self":[{"href":"https:\/\/archiwumnauki.pan.pl\/index.php?rest_route=\/wp\/v2\/pages\/1227"}],"collection":[{"href":"https:\/\/archiwumnauki.pan.pl\/index.php?rest_route=\/wp\/v2\/pages"}],"about":[{"href":"https:\/\/archiwumnauki.pan.pl\/index.php?rest_route=\/wp\/v2\/types\/page"}],"author":[{"embeddable":true,"href":"https:\/\/archiwumnauki.pan.pl\/index.php?rest_route=\/wp\/v2\/users\/55"}],"replies":[{"embeddable":true,"href":"https:\/\/archiwumnauki.pan.pl\/index.php?rest_route=%2Fwp%2Fv2%2Fcomments&post=1227"}],"version-history":[{"count":3,"href":"https:\/\/archiwumnauki.pan.pl\/index.php?rest_route=\/wp\/v2\/pages\/1227\/revisions"}],"predecessor-version":[{"id":2714,"href":"https:\/\/archiwumnauki.pan.pl\/index.php?rest_route=\/wp\/v2\/pages\/1227\/revisions\/2714"}],"wp:attachment":[{"href":"https:\/\/archiwumnauki.pan.pl\/index.php?rest_route=%2Fwp%2Fv2%2Fmedia&parent=1227"}],"curies":[{"name":"wp","href":"https:\/\/api.w.org\/{rel}","templated":true}]}}