{"id":1220,"date":"2019-04-30T18:36:44","date_gmt":"2019-04-30T16:36:44","guid":{"rendered":"http:\/\/archiwumnauki.pan.pl\/?page_id=1220"},"modified":"2021-02-02T12:27:55","modified_gmt":"2021-02-02T11:27:55","slug":"ojciec-i-syn-jozef-skapski-1868-1950-i-jozef-skapski-1921-1998-wystawa-2009-11-13-2010-02-12","status":"publish","type":"page","link":"https:\/\/archiwumnauki.pan.pl\/?page_id=1220","title":{"rendered":"&#8222;Ojciec i syn&#8221; J\u00f3zef Sk\u0105pski (1868\u20131950), syndyk PAU i J\u00f3zef Sk\u0105pski (1921\u20131998), sekretarz generalny PAU, (wystawa: 2009-11-13 &#8211; 2010-02-12)"},"content":{"rendered":"<div style=\"text-align: justify;\"><strong>W s\u0142u\u017cbie Nauki&#8230;<\/strong><\/div>\n<div style=\"text-align: justify;\"><strong>&#8222;Ojciec i syn&#8221; J\u00f3zef Sk\u0105pski (1868\u20131950) syndyk PAU i J\u00f3zef Sk\u0105pski (1921\u20131998), sekretarz generalny PAU<br \/>\n<\/strong><\/div>\n<div style=\"text-align: justify;\"><strong>Wystawa by\u0142a prezentowana w dniach 13 XI 2009 &#8211; 12 II 2010, codziennie w godz. 10:00 &#8211; 15:00<\/strong><\/div>\n<p style=\"text-align: justify;\"><img decoding=\"async\" loading=\"lazy\" class=\"size-full wp-image-1223 alignleft\" src=\"https:\/\/archiwumnauki.pan.pl\/wp-content\/uploads\/2019\/04\/ojciec_i_syn.jpg\" alt=\"\" width=\"172\" height=\"250\" \/><\/p>\n<p style=\"text-align: justify;\">Polska Akademia Umiej\u0119tno\u015bci Archiwum Nauki PAN I PAU w 20. rocznic\u0119 wznowienia dzia\u0142alno\u015bci Polskiej Akademii Umiej\u0119tno\u015bci uprzejmie zapraszaj\u0105 na otwarcie wystawy OJCIEC I SYN po\u015bwi\u0119conej J\u00f3zefowi Sk\u0105pskiemu seniorowi syndykowi PAU oraz J\u00f3zefowi Sk\u0105pskiemu juniorowi sekretarzowi generalnemu PAU, kt\u00f3re nast\u0105pi w pi\u0105tek 13 listopada 2009 roku o godzinie 14.30 w sali wystawowej przy ul. \u015aw. Jana 26 oraz na Posiedzenie Naukowe tego samego dnia o godz. 10.30 w Du\u017cej Sali PAU przy ul. S\u0142awkowskiej 17<\/p>\n<p style=\"text-align: justify;\">Powi\u0105zane materia\u0142y:<\/p>\n<ol style=\"text-align: justify;\">\n<li><a href=\"https:\/\/archiwumnauki.pan.pl\/wp-content\/uploads\/2019\/04\/zaproszenie_skapscy.pdf\">Zaproszenie na wystaw\u0119<\/a><\/li>\n<\/ol>\n<div style=\"text-align: justify;\" align=\"center\"><img decoding=\"async\" loading=\"lazy\" class=\"alignnone size-medium wp-image-1221\" src=\"https:\/\/archiwumnauki.pan.pl\/wp-content\/uploads\/2019\/04\/skapscy_plakat-212x300.jpg\" alt=\"\" width=\"212\" height=\"300\" srcset=\"https:\/\/archiwumnauki.pan.pl\/wp-content\/uploads\/2019\/04\/skapscy_plakat-212x300.jpg 212w, https:\/\/archiwumnauki.pan.pl\/wp-content\/uploads\/2019\/04\/skapscy_plakat-190x270.jpg 190w, https:\/\/archiwumnauki.pan.pl\/wp-content\/uploads\/2019\/04\/skapscy_plakat.jpg 400w\" sizes=\"(max-width: 212px) 100vw, 212px\" \/><br \/>\n<span class=\"note\">Plakat wystawy<\/span><\/div>\n<p style=\"text-align: justify;\">\n","protected":false},"excerpt":{"rendered":"<p>W s\u0142u\u017cbie Nauki&#8230; &#8222;Ojciec i syn&#8221; J\u00f3zef Sk\u0105pski (1868\u20131950) syndyk PAU i J\u00f3zef Sk\u0105pski (1921\u20131998), sekretarz generalny PAU Wystawa by\u0142a prezentowana w dniach 13 XI 2009 &#8211; 12 II 2010, codziennie w godz. 10:00 &#8211; 15:00 Polska Akademia Umiej\u0119tno\u015bci Archiwum Nauki PAN I PAU w 20. rocznic\u0119 wznowienia dzia\u0142alno\u015bci Polskiej Akademii Umiej\u0119tno\u015bci uprzejmie zapraszaj\u0105 na &hellip; <\/p>\n<p class=\"read-more\"><a class=\"btn btn-default\" href=\"https:\/\/archiwumnauki.pan.pl\/?page_id=1220\"> Read More<span class=\"screen-reader-text\">  Read More<\/span><\/a><\/p>\n","protected":false},"author":55,"featured_media":0,"parent":0,"menu_order":0,"comment_status":"closed","ping_status":"closed","template":"","meta":[],"_links":{"self":[{"href":"https:\/\/archiwumnauki.pan.pl\/index.php?rest_route=\/wp\/v2\/pages\/1220"}],"collection":[{"href":"https:\/\/archiwumnauki.pan.pl\/index.php?rest_route=\/wp\/v2\/pages"}],"about":[{"href":"https:\/\/archiwumnauki.pan.pl\/index.php?rest_route=\/wp\/v2\/types\/page"}],"author":[{"embeddable":true,"href":"https:\/\/archiwumnauki.pan.pl\/index.php?rest_route=\/wp\/v2\/users\/55"}],"replies":[{"embeddable":true,"href":"https:\/\/archiwumnauki.pan.pl\/index.php?rest_route=%2Fwp%2Fv2%2Fcomments&post=1220"}],"version-history":[{"count":6,"href":"https:\/\/archiwumnauki.pan.pl\/index.php?rest_route=\/wp\/v2\/pages\/1220\/revisions"}],"predecessor-version":[{"id":2749,"href":"https:\/\/archiwumnauki.pan.pl\/index.php?rest_route=\/wp\/v2\/pages\/1220\/revisions\/2749"}],"wp:attachment":[{"href":"https:\/\/archiwumnauki.pan.pl\/index.php?rest_route=%2Fwp%2Fv2%2Fmedia&parent=1220"}],"curies":[{"name":"wp","href":"https:\/\/api.w.org\/{rel}","templated":true}]}}