{"id":1203,"date":"2019-04-30T18:22:41","date_gmt":"2019-04-30T16:22:41","guid":{"rendered":"http:\/\/archiwumnauki.pan.pl\/?page_id=1203"},"modified":"2020-05-11T14:39:17","modified_gmt":"2020-05-11T12:39:17","slug":"pigmalion-z-gontyny-kazimierz-nitsch-1874-1958-jezykoznawca-i-tworca-polskiej-dialektologii-wystawa-2008-06-20-2008-10-17","status":"publish","type":"page","link":"https:\/\/archiwumnauki.pan.pl\/?page_id=1203","title":{"rendered":"&#8222;Pigmalion z Gontyny&#8221; Kazimierz Nitsch (1874\u20131958) j\u0119zykoznawca i tw\u00f3rca polskiej dialektologii , (wystawa: 2008-06-20 &#8211; 2008-10-17)"},"content":{"rendered":"<div style=\"text-align: justify;\"><strong>W s\u0142u\u017cbie Nauki&#8230;<\/strong><\/div>\n<div style=\"text-align: justify;\"><strong>&#8222;Pigmalion z Gontyny&#8221; Kazimierz Nitsch (1874\u20131958) j\u0119zykoznawca i tw\u00f3rca polskiej dialektologii<\/strong><\/div>\n<div style=\"text-align: justify;\"><strong>Wystawa by\u0142a prezentowana w dniach 20 VI 2008 &#8211; 17 X 2008, codziennie w godz. 10:00 &#8211; 15:00<\/strong><\/div>\n<p style=\"text-align: justify;\"><img decoding=\"async\" loading=\"lazy\" class=\"size-full wp-image-1205 alignleft\" src=\"https:\/\/archiwumnauki.pan.pl\/wp-content\/uploads\/2019\/04\/Nitsch.jpg\" alt=\"\" width=\"205\" height=\"250\" \/>Kazimierz Nitsch \u2013 j\u0119zykoznawca, dialektolog, profesor Uniwersytetu Jagiello\u0144skiego. Otwarcie wystawy po\u0142\u0105czone zosta\u0142o z posiedzeniem naukowym zorganizowanym z okazji 50-tej rocznicy \u015bmierci prezesa Polskiej Akademii Umiej\u0119tno\u015bci (1946-1957). Wi\u0119cej informacji mo\u017cna uzyska\u0107 w katalogu wystawy.<\/p>\n<div style=\"text-align: justify;\"><\/div>\n<div style=\"text-align: justify;\"><\/div>\n<div style=\"text-align: justify;\"><\/div>\n<div style=\"text-align: justify;\"><\/div>\n<div style=\"text-align: justify;\"><\/div>\n<div style=\"text-align: justify;\"><\/div>\n<div>\n<p style=\"text-align: justify;\"><br class=\"clearfloat\" \/>Powi\u0105zane materia\u0142y:<\/p>\n<ol style=\"text-align: justify;\">\n<li><a href=\"https:\/\/archiwumnauki.pan.pl\/wp-content\/uploads\/2019\/04\/Nitsch_zaproszenie.pdf\">Zaproszenie na wystaw\u0119<\/a><\/li>\n<\/ol>\n<p style=\"text-align: justify;\">\n<div style=\"text-align: justify;\" align=\"center\"><img decoding=\"async\" loading=\"lazy\" class=\"alignnone size-medium wp-image-1204\" src=\"https:\/\/archiwumnauki.pan.pl\/wp-content\/uploads\/2019\/04\/Nitsch_plakat-205x300.jpg\" alt=\"\" width=\"205\" height=\"300\" srcset=\"https:\/\/archiwumnauki.pan.pl\/wp-content\/uploads\/2019\/04\/Nitsch_plakat-205x300.jpg 205w, https:\/\/archiwumnauki.pan.pl\/wp-content\/uploads\/2019\/04\/Nitsch_plakat-184x270.jpg 184w, https:\/\/archiwumnauki.pan.pl\/wp-content\/uploads\/2019\/04\/Nitsch_plakat.jpg 341w\" sizes=\"(max-width: 205px) 100vw, 205px\" \/><br \/>\n<span class=\"note\">Plakat wystawy<\/span><\/div>\n<p style=\"text-align: justify;\">\n<div class=\"galeria_mini\" style=\"text-align: justify;\"><\/div>\n<\/div>\n","protected":false},"excerpt":{"rendered":"<p>W s\u0142u\u017cbie Nauki&#8230; &#8222;Pigmalion z Gontyny&#8221; Kazimierz Nitsch (1874\u20131958) j\u0119zykoznawca i tw\u00f3rca polskiej dialektologii Wystawa by\u0142a prezentowana w dniach 20 VI 2008 &#8211; 17 X 2008, codziennie w godz. 10:00 &#8211; 15:00 Kazimierz Nitsch \u2013 j\u0119zykoznawca, dialektolog, profesor Uniwersytetu Jagiello\u0144skiego. Otwarcie wystawy po\u0142\u0105czone zosta\u0142o z posiedzeniem naukowym zorganizowanym z okazji 50-tej rocznicy \u015bmierci prezesa Polskiej &hellip; <\/p>\n<p class=\"read-more\"><a class=\"btn btn-default\" href=\"https:\/\/archiwumnauki.pan.pl\/?page_id=1203\"> Read More<span class=\"screen-reader-text\">  Read More<\/span><\/a><\/p>\n","protected":false},"author":55,"featured_media":0,"parent":0,"menu_order":0,"comment_status":"closed","ping_status":"closed","template":"","meta":[],"_links":{"self":[{"href":"https:\/\/archiwumnauki.pan.pl\/index.php?rest_route=\/wp\/v2\/pages\/1203"}],"collection":[{"href":"https:\/\/archiwumnauki.pan.pl\/index.php?rest_route=\/wp\/v2\/pages"}],"about":[{"href":"https:\/\/archiwumnauki.pan.pl\/index.php?rest_route=\/wp\/v2\/types\/page"}],"author":[{"embeddable":true,"href":"https:\/\/archiwumnauki.pan.pl\/index.php?rest_route=\/wp\/v2\/users\/55"}],"replies":[{"embeddable":true,"href":"https:\/\/archiwumnauki.pan.pl\/index.php?rest_route=%2Fwp%2Fv2%2Fcomments&post=1203"}],"version-history":[{"count":2,"href":"https:\/\/archiwumnauki.pan.pl\/index.php?rest_route=\/wp\/v2\/pages\/1203\/revisions"}],"predecessor-version":[{"id":2440,"href":"https:\/\/archiwumnauki.pan.pl\/index.php?rest_route=\/wp\/v2\/pages\/1203\/revisions\/2440"}],"wp:attachment":[{"href":"https:\/\/archiwumnauki.pan.pl\/index.php?rest_route=%2Fwp%2Fv2%2Fmedia&parent=1203"}],"curies":[{"name":"wp","href":"https:\/\/api.w.org\/{rel}","templated":true}]}}