{"id":1196,"date":"2019-04-30T18:18:51","date_gmt":"2019-04-30T16:18:51","guid":{"rendered":"http:\/\/archiwumnauki.pan.pl\/?page_id=1196"},"modified":"2021-02-02T12:24:22","modified_gmt":"2021-02-02T11:24:22","slug":"marian-miesowicz-1907-1992-od-intuicji-do-kierunkow-badan-wystawa-2007-11-16-2008-01-31","status":"publish","type":"page","link":"https:\/\/archiwumnauki.pan.pl\/?page_id=1196","title":{"rendered":"Od intuicji do kierunk\u00f3w bada\u0144. Marian Mi\u0119sowicz (1907\u20131992),  (wystawa: 2007-11-16 &#8211; 2008-01-31)"},"content":{"rendered":"<div><strong>W s\u0142u\u017cbie Nauki&#8230;<\/strong><\/div>\n<div><strong><strong>Od intuicji do kierunk\u00f3w bada\u0144. <\/strong><\/strong><strong>Marian Mi\u0119sowicz (1907\u20131992). <\/strong><\/div>\n<div><strong>Wystawa by\u0142a prezentowana w dniach 16 XI 2007 &#8211; 31 I 2008<\/strong><\/div>\n<p><img decoding=\"async\" loading=\"lazy\" class=\"size-medium wp-image-1198 alignleft\" src=\"https:\/\/archiwumnauki.pan.pl\/wp-content\/uploads\/2019\/04\/miesowicz-1-300x244.jpg\" alt=\"\" width=\"300\" height=\"244\" srcset=\"https:\/\/archiwumnauki.pan.pl\/wp-content\/uploads\/2019\/04\/miesowicz-1-300x244.jpg 300w, https:\/\/archiwumnauki.pan.pl\/wp-content\/uploads\/2019\/04\/miesowicz-1.jpg 307w\" sizes=\"(max-width: 300px) 100vw, 300px\" \/>Wystawa &#8222;Od intuicji do kierunk\u00f3w bada\u0144. Marian Mi\u0119sowicz (1907-1992) w stulecie urodzin&#8221; po\u0142\u0105czona jest z obchodami\u00a0<a href=\"http:\/\/miesowicz.ifj.edu.pl\/index.php\" target=\"_blank\" rel=\"noopener noreferrer\">jubileuszu stulecia urodzin Profesora<\/a>\u00a0organizowanymi przez: Instytut Fizyki J\u0105drowej PAN, Akademi\u0119 G\u00f3rniczo-Hutnicz\u0105, Polsk\u0105 Akademi\u0119 Umiej\u0119tno\u015bci oraz Uniwersytet Jagiello\u0144ski. Wystawa towarzyszy konferencji pt. &#8222;Archiwa dla nauki. Dlaczego nauce potrzebne s\u0105 archiwa naukowe?&#8221;. Ekspozycja ma na celu pokaza\u0107 na podstawie zachowanych materia\u0142\u00f3w archiwalnych warsztat badawczy i dzia\u0142alno\u015b\u0107 naukow\u0105 fizyka. Powinna te\u017c stanowi\u0107 zach\u0119t\u0119 do zachowywania cennych archiwali\u00f3w i pami\u0105tek rodzinnych, kt\u00f3re przekazane do archiw\u00f3w wzbogacaj\u0105 nasz\u0105 wiedz\u0119 o ludziach i czasach w jakich \u017cyli i pracowali.<\/p>\n<p>Powi\u0105zane materia\u0142y:<\/p>\n<p>&nbsp;<\/p>\n<ol>\n<li><a href=\"https:\/\/archiwumnauki.pan.pl\/wp-content\/uploads\/2019\/04\/zaproszenie.pdf\">Zaproszenie na wystaw\u0119<\/a><\/li>\n<li><a href=\"https:\/\/archiwumnauki.pan.pl\/wp-content\/uploads\/2019\/04\/zaproszenie.pdf\">zaproszenie\u00a0Konferencja-zaproszenie<\/a><\/li>\n<li><a href=\"https:\/\/archiwumnauki.pan.pl\/wp-content\/uploads\/2019\/04\/Konferencja-zaproszenie.pdf\">Katalog wystawy<\/a><\/li>\n<\/ol>\n<p>&nbsp;<\/p>\n<p><img decoding=\"async\" loading=\"lazy\" class=\"alignnone size-medium wp-image-1197\" src=\"https:\/\/archiwumnauki.pan.pl\/wp-content\/uploads\/2019\/04\/miesowicz_plakat-205x300.jpg\" alt=\"\" width=\"205\" height=\"300\" srcset=\"https:\/\/archiwumnauki.pan.pl\/wp-content\/uploads\/2019\/04\/miesowicz_plakat-205x300.jpg 205w, https:\/\/archiwumnauki.pan.pl\/wp-content\/uploads\/2019\/04\/miesowicz_plakat-184x270.jpg 184w, https:\/\/archiwumnauki.pan.pl\/wp-content\/uploads\/2019\/04\/miesowicz_plakat.jpg 341w\" sizes=\"(max-width: 205px) 100vw, 205px\" \/><br \/>\n<span class=\"note\">Plakat wystawy<\/span><\/p>\n<p>&nbsp;<\/p>\n<p>&nbsp;<\/p>\n","protected":false},"excerpt":{"rendered":"<p>W s\u0142u\u017cbie Nauki&#8230; Od intuicji do kierunk\u00f3w bada\u0144. Marian Mi\u0119sowicz (1907\u20131992). Wystawa by\u0142a prezentowana w dniach 16 XI 2007 &#8211; 31 I 2008 Wystawa &#8222;Od intuicji do kierunk\u00f3w bada\u0144. Marian Mi\u0119sowicz (1907-1992) w stulecie urodzin&#8221; po\u0142\u0105czona jest z obchodami\u00a0jubileuszu stulecia urodzin Profesora\u00a0organizowanymi przez: Instytut Fizyki J\u0105drowej PAN, Akademi\u0119 G\u00f3rniczo-Hutnicz\u0105, Polsk\u0105 Akademi\u0119 Umiej\u0119tno\u015bci oraz Uniwersytet Jagiello\u0144ski. &hellip; <\/p>\n<p class=\"read-more\"><a class=\"btn btn-default\" href=\"https:\/\/archiwumnauki.pan.pl\/?page_id=1196\"> Read More<span class=\"screen-reader-text\">  Read More<\/span><\/a><\/p>\n","protected":false},"author":55,"featured_media":0,"parent":0,"menu_order":0,"comment_status":"closed","ping_status":"closed","template":"","meta":[],"_links":{"self":[{"href":"https:\/\/archiwumnauki.pan.pl\/index.php?rest_route=\/wp\/v2\/pages\/1196"}],"collection":[{"href":"https:\/\/archiwumnauki.pan.pl\/index.php?rest_route=\/wp\/v2\/pages"}],"about":[{"href":"https:\/\/archiwumnauki.pan.pl\/index.php?rest_route=\/wp\/v2\/types\/page"}],"author":[{"embeddable":true,"href":"https:\/\/archiwumnauki.pan.pl\/index.php?rest_route=\/wp\/v2\/users\/55"}],"replies":[{"embeddable":true,"href":"https:\/\/archiwumnauki.pan.pl\/index.php?rest_route=%2Fwp%2Fv2%2Fcomments&post=1196"}],"version-history":[{"count":3,"href":"https:\/\/archiwumnauki.pan.pl\/index.php?rest_route=\/wp\/v2\/pages\/1196\/revisions"}],"predecessor-version":[{"id":2712,"href":"https:\/\/archiwumnauki.pan.pl\/index.php?rest_route=\/wp\/v2\/pages\/1196\/revisions\/2712"}],"wp:attachment":[{"href":"https:\/\/archiwumnauki.pan.pl\/index.php?rest_route=%2Fwp%2Fv2%2Fmedia&parent=1196"}],"curies":[{"name":"wp","href":"https:\/\/api.w.org\/{rel}","templated":true}]}}