{"id":1193,"date":"2019-04-30T18:12:53","date_gmt":"2019-04-30T16:12:53","guid":{"rendered":"http:\/\/archiwumnauki.pan.pl\/?page_id=1193"},"modified":"2021-02-02T12:22:40","modified_gmt":"2021-02-02T11:22:40","slug":"tadeusz-wazewski-1896-1972-w-110-rocznice-urodzin-wystawa-2006-09-23-2006-09-23","status":"publish","type":"page","link":"https:\/\/archiwumnauki.pan.pl\/?page_id=1193","title":{"rendered":"Tadeusz Wa\u017cewski (1896-1972), tw\u00f3rca krakowskiej szko\u0142y r\u00f3wna\u0144 r\u00f3\u017cniczkowych. W 110. rocznic\u0119 urodzin, (wystawa: 2006-09-23 &#8211; 2006-09-23 i listopad 2006 &#8211; marzec 2007)"},"content":{"rendered":"<div><strong><em>W s\u0142u\u017cbie Nauki&#8230;<\/em><\/strong><\/div>\n<div><strong>Tadeusz Wa\u017cewski (1896-1972), tw\u00f3rca krakowskiej szko\u0142y r\u00f3wna\u0144 r\u00f3\u017cniczkowych. W 110. rocznic\u0119 urodzin<\/strong><\/div>\n<div><strong>Wystawa by\u0142a prezentowana w dniach 23 IX 2006 &#8211; 23 IX 2006 i od listopada 2006 do marca 2007.<br \/>\n<\/strong><\/div>\n<p><img decoding=\"async\" loading=\"lazy\" class=\"size-full wp-image-1194 alignleft\" src=\"https:\/\/archiwumnauki.pan.pl\/wp-content\/uploads\/2019\/04\/wazewski.jpg\" alt=\"\" width=\"125\" height=\"185\" \/>23.IX.2006 odby\u0142a si\u0119 sesja naukowa po\u015bwi\u0119cona postaci wybitnego matematyka Tadeusza Wa\u017cewskiego, kt\u00f3rej towarzyszy\u0142a ekspozycja przygotowana przez Archiwum Nauki PAN i PAU.<\/p>\n","protected":false},"excerpt":{"rendered":"<p>W s\u0142u\u017cbie Nauki&#8230; Tadeusz Wa\u017cewski (1896-1972), tw\u00f3rca krakowskiej szko\u0142y r\u00f3wna\u0144 r\u00f3\u017cniczkowych. W 110. rocznic\u0119 urodzin Wystawa by\u0142a prezentowana w dniach 23 IX 2006 &#8211; 23 IX 2006 i od listopada 2006 do marca 2007. 23.IX.2006 odby\u0142a si\u0119 sesja naukowa po\u015bwi\u0119cona postaci wybitnego matematyka Tadeusza Wa\u017cewskiego, kt\u00f3rej towarzyszy\u0142a ekspozycja przygotowana przez Archiwum Nauki PAN i PAU.<\/p>\n","protected":false},"author":55,"featured_media":0,"parent":0,"menu_order":0,"comment_status":"closed","ping_status":"closed","template":"","meta":[],"_links":{"self":[{"href":"https:\/\/archiwumnauki.pan.pl\/index.php?rest_route=\/wp\/v2\/pages\/1193"}],"collection":[{"href":"https:\/\/archiwumnauki.pan.pl\/index.php?rest_route=\/wp\/v2\/pages"}],"about":[{"href":"https:\/\/archiwumnauki.pan.pl\/index.php?rest_route=\/wp\/v2\/types\/page"}],"author":[{"embeddable":true,"href":"https:\/\/archiwumnauki.pan.pl\/index.php?rest_route=\/wp\/v2\/users\/55"}],"replies":[{"embeddable":true,"href":"https:\/\/archiwumnauki.pan.pl\/index.php?rest_route=%2Fwp%2Fv2%2Fcomments&post=1193"}],"version-history":[{"count":4,"href":"https:\/\/archiwumnauki.pan.pl\/index.php?rest_route=\/wp\/v2\/pages\/1193\/revisions"}],"predecessor-version":[{"id":2710,"href":"https:\/\/archiwumnauki.pan.pl\/index.php?rest_route=\/wp\/v2\/pages\/1193\/revisions\/2710"}],"wp:attachment":[{"href":"https:\/\/archiwumnauki.pan.pl\/index.php?rest_route=%2Fwp%2Fv2%2Fmedia&parent=1193"}],"curies":[{"name":"wp","href":"https:\/\/api.w.org\/{rel}","templated":true}]}}