{"id":1190,"date":"2019-04-30T18:11:28","date_gmt":"2019-04-30T16:11:28","guid":{"rendered":"http:\/\/archiwumnauki.pan.pl\/?page_id=1190"},"modified":"2021-02-02T12:19:30","modified_gmt":"2021-02-02T11:19:30","slug":"primum-vivere-deinde-philosophari-wincenty-lutoslawski-1863-1954-w-50-rocznice-smierci-wystawa-2004-11-19-2005-02-11","status":"publish","type":"page","link":"https:\/\/archiwumnauki.pan.pl\/?page_id=1190","title":{"rendered":"&#8222;Primum vivere &#8211; deinde philosophari&#8221; Wincenty Lutos\u0142awski (1863-1954) W 50. rocznic\u0119 \u015bmierci, (wystawa: 2004-11-19 &#8211; 2005-02-11)"},"content":{"rendered":"<div style=\"text-align: justify;\"><strong><em>W s\u0142u\u017cbie Nauki&#8230;<\/em><\/strong><\/div>\n<div style=\"text-align: justify;\"><strong>&#8222;Primum vivere &#8211; deinde philosophari&#8221; Wincenty Lutos\u0142awski (1863-1954) W 50. rocznic\u0119 \u015bmierci<\/strong><\/div>\n<div style=\"text-align: justify;\"><strong>Wystawa by\u0142a prezentowana w dniach 19 XI 2004 &#8211; 11 II 2005<\/strong><\/div>\n<p style=\"text-align: justify;\"><img decoding=\"async\" loading=\"lazy\" class=\"size-medium wp-image-1191 alignleft\" src=\"https:\/\/archiwumnauki.pan.pl\/wp-content\/uploads\/2019\/04\/lutoslawski-194x300.jpg\" alt=\"\" width=\"194\" height=\"300\" srcset=\"https:\/\/archiwumnauki.pan.pl\/wp-content\/uploads\/2019\/04\/lutoslawski-194x300.jpg 194w, https:\/\/archiwumnauki.pan.pl\/wp-content\/uploads\/2019\/04\/lutoslawski-174x270.jpg 174w, https:\/\/archiwumnauki.pan.pl\/wp-content\/uploads\/2019\/04\/lutoslawski.jpg 200w\" sizes=\"(max-width: 194px) 100vw, 194px\" \/>Wincenty Lutos\u0142awski &#8211; badacz Platona, propagator ideii wychowania narodowego. Otwarcie ekspozycji po\u0142\u0105czono z posiedzeniem naukowym w 50-t\u0105 rocznic\u0119 \u015bmierci filozofa.<\/p>\n<p style=\"text-align: justify;\">Wi\u0119cej informacji na temat ekspozycji mo\u017cna uzyska\u0107 w katalogu wystawy.<\/p>\n","protected":false},"excerpt":{"rendered":"<p>W s\u0142u\u017cbie Nauki&#8230; &#8222;Primum vivere &#8211; deinde philosophari&#8221; Wincenty Lutos\u0142awski (1863-1954) W 50. rocznic\u0119 \u015bmierci Wystawa by\u0142a prezentowana w dniach 19 XI 2004 &#8211; 11 II 2005 Wincenty Lutos\u0142awski &#8211; badacz Platona, propagator ideii wychowania narodowego. Otwarcie ekspozycji po\u0142\u0105czono z posiedzeniem naukowym w 50-t\u0105 rocznic\u0119 \u015bmierci filozofa. Wi\u0119cej informacji na temat ekspozycji mo\u017cna uzyska\u0107 w &hellip; <\/p>\n<p class=\"read-more\"><a class=\"btn btn-default\" href=\"https:\/\/archiwumnauki.pan.pl\/?page_id=1190\"> Read More<span class=\"screen-reader-text\">  Read More<\/span><\/a><\/p>\n","protected":false},"author":55,"featured_media":0,"parent":0,"menu_order":0,"comment_status":"closed","ping_status":"closed","template":"","meta":[],"_links":{"self":[{"href":"https:\/\/archiwumnauki.pan.pl\/index.php?rest_route=\/wp\/v2\/pages\/1190"}],"collection":[{"href":"https:\/\/archiwumnauki.pan.pl\/index.php?rest_route=\/wp\/v2\/pages"}],"about":[{"href":"https:\/\/archiwumnauki.pan.pl\/index.php?rest_route=\/wp\/v2\/types\/page"}],"author":[{"embeddable":true,"href":"https:\/\/archiwumnauki.pan.pl\/index.php?rest_route=\/wp\/v2\/users\/55"}],"replies":[{"embeddable":true,"href":"https:\/\/archiwumnauki.pan.pl\/index.php?rest_route=%2Fwp%2Fv2%2Fcomments&post=1190"}],"version-history":[{"count":3,"href":"https:\/\/archiwumnauki.pan.pl\/index.php?rest_route=\/wp\/v2\/pages\/1190\/revisions"}],"predecessor-version":[{"id":2707,"href":"https:\/\/archiwumnauki.pan.pl\/index.php?rest_route=\/wp\/v2\/pages\/1190\/revisions\/2707"}],"wp:attachment":[{"href":"https:\/\/archiwumnauki.pan.pl\/index.php?rest_route=%2Fwp%2Fv2%2Fmedia&parent=1190"}],"curies":[{"name":"wp","href":"https:\/\/api.w.org\/{rel}","templated":true}]}}