{"id":1184,"date":"2019-04-30T18:08:11","date_gmt":"2019-04-30T16:08:11","guid":{"rendered":"http:\/\/archiwumnauki.pan.pl\/?page_id=1184"},"modified":"2020-05-11T14:37:44","modified_gmt":"2020-05-11T12:37:44","slug":"mial-wzrok-zwrocony-ku-horyzontom-dalekim-wladyslaw-natanson-1864-1937-wystawa-2004-06-18-2004-10-08","status":"publish","type":"page","link":"https:\/\/archiwumnauki.pan.pl\/?page_id=1184","title":{"rendered":"&#8222;&#8230;mia\u0142 wzrok zwr\u00f3cony ku horyzontom dalekim&#8230;&#8221; W\u0142adys\u0142aw Natanson (1864-1937), (wystawa: 2004-06-18 &#8211; 2004-10-08)"},"content":{"rendered":"<div style=\"text-align: justify;\"><strong><em>W s\u0142u\u017cbie Nauki&#8230;<\/em><\/strong><\/div>\n<div style=\"text-align: justify;\"><strong>&#8222;&#8230;mia\u0142 wzrok zwr\u00f3cony ku horyzontom dalekim&#8230;&#8221; W\u0142adys\u0142aw Natanson (1864-1937)<\/strong><\/div>\n<div style=\"text-align: justify;\"><strong>Wystawa by\u0142a prezentowana w dniach 18 VI 2004 &#8211; 08 X 2004<\/strong><\/div>\n<p style=\"text-align: justify;\"><img decoding=\"async\" loading=\"lazy\" class=\"size-full wp-image-1185 alignleft\" src=\"https:\/\/archiwumnauki.pan.pl\/wp-content\/uploads\/2019\/04\/natanson-1.jpg\" alt=\"\" width=\"180\" height=\"209\" \/>W\u0142adys\u0142aw Natanson &#8211; fizyk, historyk nauki. Otwarcie ekspozycji po\u0142\u0105czono z posiedzeniem naukowym w 140-t\u0105 rocznic\u0119 urodzin wieloletniego dyrektora Wydzia\u0142u III Polskiej Akademii Umiej\u0119tno\u015bci i rektora Uniwersytetu Jagiello\u0144skiego.<\/p>\n<p style=\"text-align: justify;\">Wi\u0119cej informacji na temat ekspozycji mo\u017cna uzyska\u0107 w katalogu wystawy.<\/p>\n","protected":false},"excerpt":{"rendered":"<p>W s\u0142u\u017cbie Nauki&#8230; &#8222;&#8230;mia\u0142 wzrok zwr\u00f3cony ku horyzontom dalekim&#8230;&#8221; W\u0142adys\u0142aw Natanson (1864-1937) Wystawa by\u0142a prezentowana w dniach 18 VI 2004 &#8211; 08 X 2004 W\u0142adys\u0142aw Natanson &#8211; fizyk, historyk nauki. Otwarcie ekspozycji po\u0142\u0105czono z posiedzeniem naukowym w 140-t\u0105 rocznic\u0119 urodzin wieloletniego dyrektora Wydzia\u0142u III Polskiej Akademii Umiej\u0119tno\u015bci i rektora Uniwersytetu Jagiello\u0144skiego. Wi\u0119cej informacji na temat &hellip; <\/p>\n<p class=\"read-more\"><a class=\"btn btn-default\" href=\"https:\/\/archiwumnauki.pan.pl\/?page_id=1184\"> Read More<span class=\"screen-reader-text\">  Read More<\/span><\/a><\/p>\n","protected":false},"author":55,"featured_media":0,"parent":0,"menu_order":0,"comment_status":"closed","ping_status":"closed","template":"","meta":[],"_links":{"self":[{"href":"https:\/\/archiwumnauki.pan.pl\/index.php?rest_route=\/wp\/v2\/pages\/1184"}],"collection":[{"href":"https:\/\/archiwumnauki.pan.pl\/index.php?rest_route=\/wp\/v2\/pages"}],"about":[{"href":"https:\/\/archiwumnauki.pan.pl\/index.php?rest_route=\/wp\/v2\/types\/page"}],"author":[{"embeddable":true,"href":"https:\/\/archiwumnauki.pan.pl\/index.php?rest_route=\/wp\/v2\/users\/55"}],"replies":[{"embeddable":true,"href":"https:\/\/archiwumnauki.pan.pl\/index.php?rest_route=%2Fwp%2Fv2%2Fcomments&post=1184"}],"version-history":[{"count":2,"href":"https:\/\/archiwumnauki.pan.pl\/index.php?rest_route=\/wp\/v2\/pages\/1184\/revisions"}],"predecessor-version":[{"id":2436,"href":"https:\/\/archiwumnauki.pan.pl\/index.php?rest_route=\/wp\/v2\/pages\/1184\/revisions\/2436"}],"wp:attachment":[{"href":"https:\/\/archiwumnauki.pan.pl\/index.php?rest_route=%2Fwp%2Fv2%2Fmedia&parent=1184"}],"curies":[{"name":"wp","href":"https:\/\/api.w.org\/{rel}","templated":true}]}}