{"id":1176,"date":"2019-04-30T18:04:28","date_gmt":"2019-04-30T16:04:28","guid":{"rendered":"http:\/\/archiwumnauki.pan.pl\/?page_id=1176"},"modified":"2021-02-02T12:14:37","modified_gmt":"2021-02-02T11:14:37","slug":"granicami-zycie-naznaczone-waclaw-felczak-1916-1993-wystawa-2002-11-15-2003-04-30","status":"publish","type":"page","link":"https:\/\/archiwumnauki.pan.pl\/?page_id=1176","title":{"rendered":"Granicami \u017cycie naznaczone. Wac\u0142aw Felczak (1916-1993) w 10. rocznic\u0119 \u015bmierci. (wystawa: 2003-06-13 &#8211; 2003-10-17)"},"content":{"rendered":"<div style=\"text-align: justify;\"><strong><em>W s\u0142u\u017cbie Nauki&#8230;<\/em><\/strong><\/div>\n<div style=\"text-align: justify;\"><strong>Granicami \u017cycie naznaczone. Wac\u0142aw Felczak (1916-19930 w 10. rocznic\u0119 \u015bmierci<br \/>\n<\/strong><\/div>\n<div style=\"text-align: justify;\"><strong>Wystawa by\u0142a prezentowana w dniach 13 VI 2002 &#8211; 17 X 2003<\/strong><\/div>\n<p style=\"text-align: justify;\"><img decoding=\"async\" loading=\"lazy\" class=\"size-full wp-image-1177 alignleft\" src=\"https:\/\/archiwumnauki.pan.pl\/wp-content\/uploads\/2019\/04\/felczak-1.jpg\" alt=\"\" width=\"104\" height=\"200\" \/>Wac\u0142aw Felczak &#8211; historyk, specjalizowa\u0142 si\u0119 w dziejach Europy \u015arodkowo-Wschodniej. Podczas II wojny \u015bwiatowej uczestnik ruchu oporu, organizator szlaku kurierskiego z Budapesztu do Polski; w latach powojennych kurier Rz\u0105du na Wychod\u017astwie. Otwarcie ekspozycji po\u0142\u0105czono z posiedzeniem naukowym dla uczczenia 10-tej rocznicy \u015bmierci wybitnego znawcy dziej\u00f3w W\u0119gier.<\/p>\n<p style=\"text-align: justify;\">Wi\u0119cej informacji na temat wystawy mo\u017cna uzyska\u0107 w katalogu wystawy.<\/p>\n","protected":false},"excerpt":{"rendered":"<p>W s\u0142u\u017cbie Nauki&#8230; Granicami \u017cycie naznaczone. Wac\u0142aw Felczak (1916-19930 w 10. rocznic\u0119 \u015bmierci Wystawa by\u0142a prezentowana w dniach 13 VI 2002 &#8211; 17 X 2003 Wac\u0142aw Felczak &#8211; historyk, specjalizowa\u0142 si\u0119 w dziejach Europy \u015arodkowo-Wschodniej. Podczas II wojny \u015bwiatowej uczestnik ruchu oporu, organizator szlaku kurierskiego z Budapesztu do Polski; w latach powojennych kurier Rz\u0105du na &hellip; <\/p>\n<p class=\"read-more\"><a class=\"btn btn-default\" href=\"https:\/\/archiwumnauki.pan.pl\/?page_id=1176\"> Read More<span class=\"screen-reader-text\">  Read More<\/span><\/a><\/p>\n","protected":false},"author":55,"featured_media":0,"parent":0,"menu_order":0,"comment_status":"closed","ping_status":"closed","template":"","meta":[],"_links":{"self":[{"href":"https:\/\/archiwumnauki.pan.pl\/index.php?rest_route=\/wp\/v2\/pages\/1176"}],"collection":[{"href":"https:\/\/archiwumnauki.pan.pl\/index.php?rest_route=\/wp\/v2\/pages"}],"about":[{"href":"https:\/\/archiwumnauki.pan.pl\/index.php?rest_route=\/wp\/v2\/types\/page"}],"author":[{"embeddable":true,"href":"https:\/\/archiwumnauki.pan.pl\/index.php?rest_route=\/wp\/v2\/users\/55"}],"replies":[{"embeddable":true,"href":"https:\/\/archiwumnauki.pan.pl\/index.php?rest_route=%2Fwp%2Fv2%2Fcomments&post=1176"}],"version-history":[{"count":4,"href":"https:\/\/archiwumnauki.pan.pl\/index.php?rest_route=\/wp\/v2\/pages\/1176\/revisions"}],"predecessor-version":[{"id":2704,"href":"https:\/\/archiwumnauki.pan.pl\/index.php?rest_route=\/wp\/v2\/pages\/1176\/revisions\/2704"}],"wp:attachment":[{"href":"https:\/\/archiwumnauki.pan.pl\/index.php?rest_route=%2Fwp%2Fv2%2Fmedia&parent=1176"}],"curies":[{"name":"wp","href":"https:\/\/api.w.org\/{rel}","templated":true}]}}