{"id":1172,"date":"2019-04-30T18:01:32","date_gmt":"2019-04-30T16:01:32","guid":{"rendered":"http:\/\/archiwumnauki.pan.pl\/?page_id=1172"},"modified":"2021-02-02T12:12:08","modified_gmt":"2021-02-02T11:12:08","slug":"ksiega-mojego-czasu-i-dzialan-wojciech-m-bartel-1923-1992-w-10-rocznice-smierci-wystawa-2002-11-15-2003-04-30","status":"publish","type":"page","link":"https:\/\/archiwumnauki.pan.pl\/?page_id=1172","title":{"rendered":"Ksi\u0119ga mojego czasu i dzia\u0142a\u0144. Wojciech Maria Bartel (1923-1992) w 10 rocznic\u0119 \u015bmierci., (wystawa: 2002-11-15 \u2013 2003-04-30)"},"content":{"rendered":"<div><span style=\"font-size: 12pt;\"><strong><em>W s\u0142u\u017cbie Nauki&#8230;<\/em><\/strong><\/span><\/div>\n<div><span style=\"font-size: 12pt;\"><strong>Ksi\u0119ga mojego czasu i dzia\u0142a\u0144. Wojciech Maria Bartel (1923-1992) w 10 rocznic\u0119 \u015bmierci.<\/strong><\/span><\/div>\n<div><span style=\"font-size: 12pt;\"><strong>Wystawa by\u0142a prezentowana w dniach 15 XI 2002 &#8211; 30 IV 2003<\/strong><\/span><\/div>\n<p><img decoding=\"async\" loading=\"lazy\" class=\"size-full wp-image-1173 alignleft\" src=\"https:\/\/archiwumnauki.pan.pl\/wp-content\/uploads\/2019\/04\/bartel-1.jpg\" alt=\"\" width=\"188\" height=\"294\" srcset=\"https:\/\/archiwumnauki.pan.pl\/wp-content\/uploads\/2019\/04\/bartel-1.jpg 188w, https:\/\/archiwumnauki.pan.pl\/wp-content\/uploads\/2019\/04\/bartel-1-173x270.jpg 173w\" sizes=\"(max-width: 188px) 100vw, 188px\" \/>Wojciech M. Bartel &#8211; historyk prawa i kanonista. Otwarcie wystawy po\u0142\u0105czono z posiedzeniem naukowym z okazji 10-tej rocznicy \u015bmierci uczonego.<\/p>\n<p>Wi\u0119cej informacji na temat wystawy mo\u017cna uzyska\u0107 w katalogu wystawy, w &#8222;Krakowskim Roczniku Archiwalnym&#8221;, numer X z 2004 roku.<\/p>\n","protected":false},"excerpt":{"rendered":"<p>W s\u0142u\u017cbie Nauki&#8230; Ksi\u0119ga mojego czasu i dzia\u0142a\u0144. Wojciech Maria Bartel (1923-1992) w 10 rocznic\u0119 \u015bmierci. Wystawa by\u0142a prezentowana w dniach 15 XI 2002 &#8211; 30 IV 2003 Wojciech M. Bartel &#8211; historyk prawa i kanonista. Otwarcie wystawy po\u0142\u0105czono z posiedzeniem naukowym z okazji 10-tej rocznicy \u015bmierci uczonego. Wi\u0119cej informacji na temat wystawy mo\u017cna uzyska\u0107 &hellip; <\/p>\n<p class=\"read-more\"><a class=\"btn btn-default\" href=\"https:\/\/archiwumnauki.pan.pl\/?page_id=1172\"> Read More<span class=\"screen-reader-text\">  Read More<\/span><\/a><\/p>\n","protected":false},"author":55,"featured_media":0,"parent":0,"menu_order":0,"comment_status":"closed","ping_status":"closed","template":"","meta":[],"_links":{"self":[{"href":"https:\/\/archiwumnauki.pan.pl\/index.php?rest_route=\/wp\/v2\/pages\/1172"}],"collection":[{"href":"https:\/\/archiwumnauki.pan.pl\/index.php?rest_route=\/wp\/v2\/pages"}],"about":[{"href":"https:\/\/archiwumnauki.pan.pl\/index.php?rest_route=\/wp\/v2\/types\/page"}],"author":[{"embeddable":true,"href":"https:\/\/archiwumnauki.pan.pl\/index.php?rest_route=\/wp\/v2\/users\/55"}],"replies":[{"embeddable":true,"href":"https:\/\/archiwumnauki.pan.pl\/index.php?rest_route=%2Fwp%2Fv2%2Fcomments&post=1172"}],"version-history":[{"count":2,"href":"https:\/\/archiwumnauki.pan.pl\/index.php?rest_route=\/wp\/v2\/pages\/1172\/revisions"}],"predecessor-version":[{"id":2702,"href":"https:\/\/archiwumnauki.pan.pl\/index.php?rest_route=\/wp\/v2\/pages\/1172\/revisions\/2702"}],"wp:attachment":[{"href":"https:\/\/archiwumnauki.pan.pl\/index.php?rest_route=%2Fwp%2Fv2%2Fmedia&parent=1172"}],"curies":[{"name":"wp","href":"https:\/\/api.w.org\/{rel}","templated":true}]}}