{"id":1168,"date":"2019-04-30T17:58:09","date_gmt":"2019-04-30T15:58:09","guid":{"rendered":"http:\/\/archiwumnauki.pan.pl\/?page_id=1168"},"modified":"2021-02-02T12:11:10","modified_gmt":"2021-02-02T11:11:10","slug":"temu-ktory-odwazyl-sie-byc-prawym-wystawa-2002-06-21-2002-10-21","status":"publish","type":"page","link":"https:\/\/archiwumnauki.pan.pl\/?page_id=1168","title":{"rendered":"Temu, kt\u00f3ry odwa\u017cy\u0142 si\u0119 by\u0107 prawym. W\u0142adys\u0142aw Konopczy\u0144ski (1880-1952) (wystawa: 2002-06-21 \u2013 2002-10-25)"},"content":{"rendered":"<div><strong><em>W s\u0142u\u017cbie Nauki&#8230;<\/em><\/strong><\/div>\n<div><strong>Temu, kt\u00f3ry odwa\u017cy\u0142 si\u0119 by\u0107 prawym. W\u0142adys\u0142aw Konopczy\u0144ski (1880-1952)<br \/>\n<\/strong><\/div>\n<div><strong>Wystawa by\u0142a prezentowana w dniach 21 VI 2002 &#8211; 21 X 2002<\/strong><\/div>\n<p><img decoding=\"async\" loading=\"lazy\" class=\"size-full wp-image-1169 alignleft\" src=\"https:\/\/archiwumnauki.pan.pl\/wp-content\/uploads\/2019\/04\/konopczynski-1.jpg\" alt=\"\" width=\"143\" height=\"266\" \/>W\u0142adys\u0142aw Konopczy\u0144ski &#8211; historyk. Otwarcie wystawy po\u0142\u0105czono z posiedzeniem naukowym z okazji 50-tej rocznicy \u015bmierci tw\u00f3rcy i pierwszego redaktora naczelnego Polskiego S\u0142ownika Biograficznego Polskiej Akademii Umiej\u0119tno\u015bci.<\/p>\n<p>Wi\u0119cej informacji na temat wystawy mo\u017cna uzyska\u0107 w katalogu wystawy oraz w &#8222;Krakowskim Roczniku Archiwalnym&#8221;, numer X z 2004 roku.<\/p>\n","protected":false},"excerpt":{"rendered":"<p>W s\u0142u\u017cbie Nauki&#8230; Temu, kt\u00f3ry odwa\u017cy\u0142 si\u0119 by\u0107 prawym. W\u0142adys\u0142aw Konopczy\u0144ski (1880-1952) Wystawa by\u0142a prezentowana w dniach 21 VI 2002 &#8211; 21 X 2002 W\u0142adys\u0142aw Konopczy\u0144ski &#8211; historyk. Otwarcie wystawy po\u0142\u0105czono z posiedzeniem naukowym z okazji 50-tej rocznicy \u015bmierci tw\u00f3rcy i pierwszego redaktora naczelnego Polskiego S\u0142ownika Biograficznego Polskiej Akademii Umiej\u0119tno\u015bci. Wi\u0119cej informacji na temat wystawy &hellip; <\/p>\n<p class=\"read-more\"><a class=\"btn btn-default\" href=\"https:\/\/archiwumnauki.pan.pl\/?page_id=1168\"> Read More<span class=\"screen-reader-text\">  Read More<\/span><\/a><\/p>\n","protected":false},"author":55,"featured_media":0,"parent":0,"menu_order":0,"comment_status":"closed","ping_status":"closed","template":"","meta":[],"_links":{"self":[{"href":"https:\/\/archiwumnauki.pan.pl\/index.php?rest_route=\/wp\/v2\/pages\/1168"}],"collection":[{"href":"https:\/\/archiwumnauki.pan.pl\/index.php?rest_route=\/wp\/v2\/pages"}],"about":[{"href":"https:\/\/archiwumnauki.pan.pl\/index.php?rest_route=\/wp\/v2\/types\/page"}],"author":[{"embeddable":true,"href":"https:\/\/archiwumnauki.pan.pl\/index.php?rest_route=\/wp\/v2\/users\/55"}],"replies":[{"embeddable":true,"href":"https:\/\/archiwumnauki.pan.pl\/index.php?rest_route=%2Fwp%2Fv2%2Fcomments&post=1168"}],"version-history":[{"count":3,"href":"https:\/\/archiwumnauki.pan.pl\/index.php?rest_route=\/wp\/v2\/pages\/1168\/revisions"}],"predecessor-version":[{"id":2701,"href":"https:\/\/archiwumnauki.pan.pl\/index.php?rest_route=\/wp\/v2\/pages\/1168\/revisions\/2701"}],"wp:attachment":[{"href":"https:\/\/archiwumnauki.pan.pl\/index.php?rest_route=%2Fwp%2Fv2%2Fmedia&parent=1168"}],"curies":[{"name":"wp","href":"https:\/\/api.w.org\/{rel}","templated":true}]}}