{"id":1165,"date":"2019-04-30T17:54:52","date_gmt":"2019-04-30T15:54:52","guid":{"rendered":"http:\/\/archiwumnauki.pan.pl\/?page_id=1165"},"modified":"2021-02-02T12:09:13","modified_gmt":"2021-02-02T11:09:13","slug":"z-zycia-i-dzialalnosci-adama-vetulaniego-1901-1976-wystawa-2001-11-16-2002-04-30","status":"publish","type":"page","link":"https:\/\/archiwumnauki.pan.pl\/?page_id=1165","title":{"rendered":"Z \u017cycia i dzia\u0142alno\u015bci Adama Vetulaniego (1901-1976), (wystawa: 2001-11-16 \u2013 2002-04-30)"},"content":{"rendered":"<div><strong><em>W s\u0142u\u017cbie Nauki&#8230;<\/em><\/strong><\/div>\n<div><strong>Z \u017cycia i dzia\u0142alno\u015bci Adama Vetulaniego (1901-1976)<\/strong><\/div>\n<div><strong>Wystawa by\u0142a prezentowana w dniach 16 XI 2001 &#8211; 30 IV 2002<\/strong><\/div>\n<div class=\"floatleft\"><img decoding=\"async\" loading=\"lazy\" class=\"alignleft\" src=\"http:\/\/www.archiwum-nauki.krakow.pl\/images\/wystawy\/vetulani.jpg\" alt=\"brak zdj\u0119cia\" width=\"131\" height=\"185\" border=\"1\" \/><\/div>\n<p style=\"text-align: justify;\">Adam Vetulani &#8211; prawnik, kanonista. Otwarcie wystawy zosta\u0142o po\u0142\u0105czone z posiedzeniem naukowym w stulecie urodzin sekretarza generalnego Polskiej Akademii Umiej\u0119tno\u015bci (1957-1958).<\/p>\n<p style=\"text-align: justify;\">Wi\u0119cej informacji mo\u017cna uzyska\u0107 w katalogu wystawy, &#8222;Krakowskim Roczniku Archiwalnym&#8221;, numer X z 2004 roku oraz w serii wydawniczej Polskiej Akademii Umiej\u0119tno\u015bci &#8222;W s\u0142u\u017cbie nauki&#8230;&#8221; nr 10 (w druku).<\/p>\n","protected":false},"excerpt":{"rendered":"<p>W s\u0142u\u017cbie Nauki&#8230; Z \u017cycia i dzia\u0142alno\u015bci Adama Vetulaniego (1901-1976) Wystawa by\u0142a prezentowana w dniach 16 XI 2001 &#8211; 30 IV 2002 Adam Vetulani &#8211; prawnik, kanonista. Otwarcie wystawy zosta\u0142o po\u0142\u0105czone z posiedzeniem naukowym w stulecie urodzin sekretarza generalnego Polskiej Akademii Umiej\u0119tno\u015bci (1957-1958). Wi\u0119cej informacji mo\u017cna uzyska\u0107 w katalogu wystawy, &#8222;Krakowskim Roczniku Archiwalnym&#8221;, numer X &hellip; <\/p>\n<p class=\"read-more\"><a class=\"btn btn-default\" href=\"https:\/\/archiwumnauki.pan.pl\/?page_id=1165\"> Read More<span class=\"screen-reader-text\">  Read More<\/span><\/a><\/p>\n","protected":false},"author":55,"featured_media":0,"parent":0,"menu_order":0,"comment_status":"closed","ping_status":"closed","template":"","meta":[],"_links":{"self":[{"href":"https:\/\/archiwumnauki.pan.pl\/index.php?rest_route=\/wp\/v2\/pages\/1165"}],"collection":[{"href":"https:\/\/archiwumnauki.pan.pl\/index.php?rest_route=\/wp\/v2\/pages"}],"about":[{"href":"https:\/\/archiwumnauki.pan.pl\/index.php?rest_route=\/wp\/v2\/types\/page"}],"author":[{"embeddable":true,"href":"https:\/\/archiwumnauki.pan.pl\/index.php?rest_route=\/wp\/v2\/users\/55"}],"replies":[{"embeddable":true,"href":"https:\/\/archiwumnauki.pan.pl\/index.php?rest_route=%2Fwp%2Fv2%2Fcomments&post=1165"}],"version-history":[{"count":2,"href":"https:\/\/archiwumnauki.pan.pl\/index.php?rest_route=\/wp\/v2\/pages\/1165\/revisions"}],"predecessor-version":[{"id":2691,"href":"https:\/\/archiwumnauki.pan.pl\/index.php?rest_route=\/wp\/v2\/pages\/1165\/revisions\/2691"}],"wp:attachment":[{"href":"https:\/\/archiwumnauki.pan.pl\/index.php?rest_route=%2Fwp%2Fv2%2Fmedia&parent=1165"}],"curies":[{"name":"wp","href":"https:\/\/api.w.org\/{rel}","templated":true}]}}