{"id":1157,"date":"2019-04-30T16:03:03","date_gmt":"2019-04-30T14:03:03","guid":{"rendered":"http:\/\/archiwumnauki.pan.pl\/?page_id=1157"},"modified":"2021-02-02T12:08:11","modified_gmt":"2021-02-02T11:08:11","slug":"henryk-niewodniczanski-1900-1968-w-stulecie-urodzin-tworcy-krakowskiego-osrodka-fizyki-wystawa-2000-11-17-2001-03-02","status":"publish","type":"page","link":"https:\/\/archiwumnauki.pan.pl\/?page_id=1157","title":{"rendered":"Henryk Niewodnicza\u0144ski (1900-1968). W stulecie urodzin tw\u00f3rcy krakowskiego o\u015brodka fizyki, (wystawa: 2000-11-17 &#8211; 2001-03-02)"},"content":{"rendered":"<div style=\"text-align: justify;\"><strong><em>W s\u0142u\u017cbie Nauki&#8230;<\/em><\/strong><\/div>\n<div style=\"text-align: justify;\"><strong>Henryk Niewodnicza\u0144ski (1900-1968). W stulecie urodzin tw\u00f3rcy krakowskiego o\u015brodka fizyki<\/strong><\/div>\n<div style=\"text-align: justify;\"><strong>Wystawa by\u0142a prezentowana w dniach 17 XI 2000 &#8211; 02 III 2001<\/strong><\/div>\n<p style=\"text-align: justify;\"><img decoding=\"async\" loading=\"lazy\" class=\"size-medium wp-image-1158 alignleft\" src=\"https:\/\/archiwumnauki.pan.pl\/wp-content\/uploads\/2019\/04\/niewodniczanski_makieta-197x300.jpg\" alt=\"\" width=\"197\" height=\"300\" srcset=\"https:\/\/archiwumnauki.pan.pl\/wp-content\/uploads\/2019\/04\/niewodniczanski_makieta-197x300.jpg 197w, https:\/\/archiwumnauki.pan.pl\/wp-content\/uploads\/2019\/04\/niewodniczanski_makieta-177x270.jpg 177w, https:\/\/archiwumnauki.pan.pl\/wp-content\/uploads\/2019\/04\/niewodniczanski_makieta.jpg 200w\" sizes=\"(max-width: 197px) 100vw, 197px\" \/>Henryk Niewodnicza\u0144ski &#8211; fizyk. Otwarcie ekspozycji po\u0142\u0105czono z posiedzeniem naukowym w stulecie urodzin tw\u00f3rcy Instytutu Fizyki J\u0105drowej w Krakowie, cz\u0142onka Polskiej Akademii Umiej\u0119tno\u015bci i Polskiej Akademii Nauk.<\/p>\n<p style=\"text-align: justify;\">Wi\u0119cej informacji mo\u017cna uzyska\u0107 w katalogu wystawy, &#8222;Krakowskim Roczniku Archiwalnym&#8221;, numer IX z 2003 roku, oraz w serii wydawniczej Polskiej Akademii Umiej\u0119tno\u015bci &#8222;W s\u0142u\u017cbie nauki&#8230;&#8221; nr 8 &#8211; &#8222;Henryk Niewodnicza\u0144ski, 1900-1968. Materia\u0142y z Posiedzenia Naukowego PAU&#8221;, Krak\u00f3w 2003.<\/p>\n<p style=\"text-align: justify;\">\n","protected":false},"excerpt":{"rendered":"<p>W s\u0142u\u017cbie Nauki&#8230; Henryk Niewodnicza\u0144ski (1900-1968). W stulecie urodzin tw\u00f3rcy krakowskiego o\u015brodka fizyki Wystawa by\u0142a prezentowana w dniach 17 XI 2000 &#8211; 02 III 2001 Henryk Niewodnicza\u0144ski &#8211; fizyk. Otwarcie ekspozycji po\u0142\u0105czono z posiedzeniem naukowym w stulecie urodzin tw\u00f3rcy Instytutu Fizyki J\u0105drowej w Krakowie, cz\u0142onka Polskiej Akademii Umiej\u0119tno\u015bci i Polskiej Akademii Nauk. Wi\u0119cej informacji mo\u017cna &hellip; <\/p>\n<p class=\"read-more\"><a class=\"btn btn-default\" href=\"https:\/\/archiwumnauki.pan.pl\/?page_id=1157\"> Read More<span class=\"screen-reader-text\">  Read More<\/span><\/a><\/p>\n","protected":false},"author":55,"featured_media":0,"parent":0,"menu_order":0,"comment_status":"closed","ping_status":"closed","template":"","meta":[],"_links":{"self":[{"href":"https:\/\/archiwumnauki.pan.pl\/index.php?rest_route=\/wp\/v2\/pages\/1157"}],"collection":[{"href":"https:\/\/archiwumnauki.pan.pl\/index.php?rest_route=\/wp\/v2\/pages"}],"about":[{"href":"https:\/\/archiwumnauki.pan.pl\/index.php?rest_route=\/wp\/v2\/types\/page"}],"author":[{"embeddable":true,"href":"https:\/\/archiwumnauki.pan.pl\/index.php?rest_route=\/wp\/v2\/users\/55"}],"replies":[{"embeddable":true,"href":"https:\/\/archiwumnauki.pan.pl\/index.php?rest_route=%2Fwp%2Fv2%2Fcomments&post=1157"}],"version-history":[{"count":4,"href":"https:\/\/archiwumnauki.pan.pl\/index.php?rest_route=\/wp\/v2\/pages\/1157\/revisions"}],"predecessor-version":[{"id":2698,"href":"https:\/\/archiwumnauki.pan.pl\/index.php?rest_route=\/wp\/v2\/pages\/1157\/revisions\/2698"}],"wp:attachment":[{"href":"https:\/\/archiwumnauki.pan.pl\/index.php?rest_route=%2Fwp%2Fv2%2Fmedia&parent=1157"}],"curies":[{"name":"wp","href":"https:\/\/api.w.org\/{rel}","templated":true}]}}