{"id":1153,"date":"2019-04-30T16:01:42","date_gmt":"2019-04-30T14:01:42","guid":{"rendered":"http:\/\/archiwumnauki.pan.pl\/?page_id=1153"},"modified":"2021-02-02T12:07:46","modified_gmt":"2021-02-02T11:07:46","slug":"jozef-majer-1808-1899-wystawa-1999-11-19-2000-02-25","status":"publish","type":"page","link":"https:\/\/archiwumnauki.pan.pl\/?page_id=1153","title":{"rendered":"J\u00f3zef Majer (1808-1899), (wystawa: 1999-11-19 &#8211; 2000-02-25)"},"content":{"rendered":"<div><em>W s\u0142u\u017cbie Nauki&#8230;<\/em><\/div>\n<div>J\u00f3zef Majer (1808-1899)<\/div>\n<div>Wystawa by\u0142a prezentowana w dniach 19 XI 1999 &#8211; 25 II 2000<\/div>\n<p style=\"text-align: justify;\"><img decoding=\"async\" loading=\"lazy\" class=\"size-full wp-image-1154 alignleft\" src=\"https:\/\/archiwumnauki.pan.pl\/wp-content\/uploads\/2019\/04\/majer.jpg\" alt=\"\" width=\"148\" height=\"185\" \/>J\u00f3zef Majer &#8211; lekarz i antropolog, rektor Uniwersytetu Jagiello\u0144skiego, prezes Towarzystwa Naukowego Krakowskiego (1848-1851, 1860-1872) i Akademii Umiej\u0119tno\u015bci (1872-1890). Otwarcie wystawy zosta\u0142o po\u0142\u0105czone z posiedzeniem naukowym z okazji setnej rocznicy \u015bmierci.<\/p>\n<p style=\"text-align: justify;\">Wi\u0119cej informacji mo\u017cna uzyska\u0107 w katalogu wystawy, &#8222;Krakowskim Roczniku Archiwalnym&#8221;, numer VIII z 2002 roku, oraz w serii wydawniczej Polskiej Akademii Umiej\u0119tno\u015bci &#8222;W s\u0142u\u017cbie nauki&#8230;&#8221; nr 6 &#8211; &#8222;J\u00f3zef Majer 1808-1899. Materia\u0142y z posiedzenia naukowego PAU w dniu 19 listopada 1999 r.&#8221;, Krak\u00f3w 2002.<\/p>\n","protected":false},"excerpt":{"rendered":"<p>W s\u0142u\u017cbie Nauki&#8230; J\u00f3zef Majer (1808-1899) Wystawa by\u0142a prezentowana w dniach 19 XI 1999 &#8211; 25 II 2000 J\u00f3zef Majer &#8211; lekarz i antropolog, rektor Uniwersytetu Jagiello\u0144skiego, prezes Towarzystwa Naukowego Krakowskiego (1848-1851, 1860-1872) i Akademii Umiej\u0119tno\u015bci (1872-1890). Otwarcie wystawy zosta\u0142o po\u0142\u0105czone z posiedzeniem naukowym z okazji setnej rocznicy \u015bmierci. Wi\u0119cej informacji mo\u017cna uzyska\u0107 w katalogu &hellip; <\/p>\n<p class=\"read-more\"><a class=\"btn btn-default\" href=\"https:\/\/archiwumnauki.pan.pl\/?page_id=1153\"> Read More<span class=\"screen-reader-text\">  Read More<\/span><\/a><\/p>\n","protected":false},"author":55,"featured_media":0,"parent":0,"menu_order":0,"comment_status":"closed","ping_status":"closed","template":"","meta":[],"_links":{"self":[{"href":"https:\/\/archiwumnauki.pan.pl\/index.php?rest_route=\/wp\/v2\/pages\/1153"}],"collection":[{"href":"https:\/\/archiwumnauki.pan.pl\/index.php?rest_route=\/wp\/v2\/pages"}],"about":[{"href":"https:\/\/archiwumnauki.pan.pl\/index.php?rest_route=\/wp\/v2\/types\/page"}],"author":[{"embeddable":true,"href":"https:\/\/archiwumnauki.pan.pl\/index.php?rest_route=\/wp\/v2\/users\/55"}],"replies":[{"embeddable":true,"href":"https:\/\/archiwumnauki.pan.pl\/index.php?rest_route=%2Fwp%2Fv2%2Fcomments&post=1153"}],"version-history":[{"count":3,"href":"https:\/\/archiwumnauki.pan.pl\/index.php?rest_route=\/wp\/v2\/pages\/1153\/revisions"}],"predecessor-version":[{"id":2697,"href":"https:\/\/archiwumnauki.pan.pl\/index.php?rest_route=\/wp\/v2\/pages\/1153\/revisions\/2697"}],"wp:attachment":[{"href":"https:\/\/archiwumnauki.pan.pl\/index.php?rest_route=%2Fwp%2Fv2%2Fmedia&parent=1153"}],"curies":[{"name":"wp","href":"https:\/\/api.w.org\/{rel}","templated":true}]}}