{"id":1149,"date":"2019-04-30T16:00:17","date_gmt":"2019-04-30T14:00:17","guid":{"rendered":"http:\/\/archiwumnauki.pan.pl\/?page_id=1149"},"modified":"2021-02-02T12:07:21","modified_gmt":"2021-02-02T11:07:21","slug":"izydora-dambska-1904-1983-filozof-niezlomny-wystawa-1998-12-18-1999-02-26","status":"publish","type":"page","link":"https:\/\/archiwumnauki.pan.pl\/?page_id=1149","title":{"rendered":"Izydora D\u0105mbska (1904-1983). Filozof niez\u0142omny&#8230;, (wystawa: 1998-12-18 &#8211; 1999-02-26)"},"content":{"rendered":"<div><strong><em>W s\u0142u\u017cbie Nauki&#8230;<\/em><\/strong><\/div>\n<div><strong>Izydora D\u0105mbska (1904-1983). Filozof niez\u0142omny&#8230;<\/strong><\/div>\n<div><strong>Wystawa by\u0142a prezentowana w dniach 18 XII 1998 &#8211; 26 II 1999<\/strong><\/div>\n<p><img decoding=\"async\" loading=\"lazy\" class=\"size-full wp-image-1150 alignleft\" src=\"https:\/\/archiwumnauki.pan.pl\/wp-content\/uploads\/2019\/04\/dambska_okladka-1.jpg\" alt=\"\" width=\"199\" height=\"280\" srcset=\"https:\/\/archiwumnauki.pan.pl\/wp-content\/uploads\/2019\/04\/dambska_okladka-1.jpg 199w, https:\/\/archiwumnauki.pan.pl\/wp-content\/uploads\/2019\/04\/dambska_okladka-1-192x270.jpg 192w\" sizes=\"(max-width: 199px) 100vw, 199px\" \/>Izydora D\u0105mbska &#8211; filozof, logik. Otwarcie wystawy zosta\u0142o po\u0142\u0105czone z sesj\u0105 zorganizowan\u0105 z okazji 15-tej rocznicy \u015bmierci przez Instytut Filozofii Uniwersytetu Jagiello\u0144skiego i Zesp\u00f3\u0142 Metodologiczno-Epistemologiczny Polskiego Towarzystwa Filozoficznego imienia Izydory D\u0105mbskiej.<\/p>\n<p>Wi\u0119cej informacji mo\u017cna uzyska\u0107 w katalogu wystawy, &#8222;Krakowskim Roczniku Archiwalnym&#8221;, numer VI z 2000 roku, oraz w serii wydawniczej Polskiej Akademii Umiej\u0119tno\u015bci &#8222;W s\u0142u\u017cbie nauki&#8230;&#8221; nr 5 &#8211; &#8222;Izydora D\u0105mbska 1904-1983. Materia\u0142y z sympozjum Non est necesse vivere, necesse est philosophari, Krak\u00f3w, 18-19 grudnia 1998 r.&#8221;, Krak\u00f3w 2001.<\/p>\n","protected":false},"excerpt":{"rendered":"<p>W s\u0142u\u017cbie Nauki&#8230; Izydora D\u0105mbska (1904-1983). Filozof niez\u0142omny&#8230; Wystawa by\u0142a prezentowana w dniach 18 XII 1998 &#8211; 26 II 1999 Izydora D\u0105mbska &#8211; filozof, logik. Otwarcie wystawy zosta\u0142o po\u0142\u0105czone z sesj\u0105 zorganizowan\u0105 z okazji 15-tej rocznicy \u015bmierci przez Instytut Filozofii Uniwersytetu Jagiello\u0144skiego i Zesp\u00f3\u0142 Metodologiczno-Epistemologiczny Polskiego Towarzystwa Filozoficznego imienia Izydory D\u0105mbskiej. Wi\u0119cej informacji mo\u017cna uzyska\u0107 &hellip; <\/p>\n<p class=\"read-more\"><a class=\"btn btn-default\" href=\"https:\/\/archiwumnauki.pan.pl\/?page_id=1149\"> Read More<span class=\"screen-reader-text\">  Read More<\/span><\/a><\/p>\n","protected":false},"author":55,"featured_media":0,"parent":0,"menu_order":0,"comment_status":"closed","ping_status":"closed","template":"","meta":[],"_links":{"self":[{"href":"https:\/\/archiwumnauki.pan.pl\/index.php?rest_route=\/wp\/v2\/pages\/1149"}],"collection":[{"href":"https:\/\/archiwumnauki.pan.pl\/index.php?rest_route=\/wp\/v2\/pages"}],"about":[{"href":"https:\/\/archiwumnauki.pan.pl\/index.php?rest_route=\/wp\/v2\/types\/page"}],"author":[{"embeddable":true,"href":"https:\/\/archiwumnauki.pan.pl\/index.php?rest_route=\/wp\/v2\/users\/55"}],"replies":[{"embeddable":true,"href":"https:\/\/archiwumnauki.pan.pl\/index.php?rest_route=%2Fwp%2Fv2%2Fcomments&post=1149"}],"version-history":[{"count":4,"href":"https:\/\/archiwumnauki.pan.pl\/index.php?rest_route=\/wp\/v2\/pages\/1149\/revisions"}],"predecessor-version":[{"id":2696,"href":"https:\/\/archiwumnauki.pan.pl\/index.php?rest_route=\/wp\/v2\/pages\/1149\/revisions\/2696"}],"wp:attachment":[{"href":"https:\/\/archiwumnauki.pan.pl\/index.php?rest_route=%2Fwp%2Fv2%2Fmedia&parent=1149"}],"curies":[{"name":"wp","href":"https:\/\/api.w.org\/{rel}","templated":true}]}}