{"id":1145,"date":"2019-04-30T15:58:39","date_gmt":"2019-04-30T13:58:39","guid":{"rendered":"http:\/\/archiwumnauki.pan.pl\/?page_id=1145"},"modified":"2021-02-02T12:06:53","modified_gmt":"2021-02-02T11:06:53","slug":"w-kregu-polskiego-slownika-biograficznego-helena-wereszycka-1907-1995-wystawa-1998-11-14-1998-12-14","status":"publish","type":"page","link":"https:\/\/archiwumnauki.pan.pl\/?page_id=1145","title":{"rendered":"W kr\u0119gu Polskiego S\u0142ownika Biograficznego. Helena Wereszycka (1907-1995), (wystawa: 1998-11-14 &#8211; 1998-12-14)"},"content":{"rendered":"<div><strong><em>W s\u0142u\u017cbie Nauki&#8230;<\/em><\/strong><\/div>\n<div><strong>W kr\u0119gu Polskiego S\u0142ownika Biograficznego. Helena Wereszycka (1907-1995)<\/strong><\/div>\n<div><strong>Wystawa by\u0142a prezentowana w dniach 14 XI 1998 &#8211; 14 XII 1998<\/strong><\/div>\n<p style=\"text-align: justify;\"><img decoding=\"async\" loading=\"lazy\" class=\"size-full wp-image-1146 alignleft\" src=\"https:\/\/archiwumnauki.pan.pl\/wp-content\/uploads\/2019\/04\/wereszycka.jpg\" alt=\"\" width=\"244\" height=\"193\" \/>Helena Wereszycka &#8211; historyk i biografista. Zwi\u0105zana od roku 1929 z Polskim S\u0142ownikiem Biograficznym. Wystawa towarzyszy\u0142a posiedzeniu naukowemu zorganizowanemu przez Instytut Historii Uniwersytetu Jagiello\u0144skiego i ekspozycji prezentowanej w Bibliotece Jagiello\u0144skiej pt. &#8222;Henryk Wereszycki &#8211; historyk niewoli polskiej&#8221; (16 XI 1998- 4 XII 1998).<\/p>\n<p style=\"text-align: justify;\">Dodatkowe informacje mo\u017cna uzyska\u0107 w katalogu wystawy, ksi\u0105\u017cce &#8222;Henryk Wereszycki (1898-1990). Historia w \u017cyciu historyka&#8221;, pod red. E. Orman i A. Cetnarowicza, Krak\u00f3w 2001 oraz w &#8222;Studiach Historycznych&#8221;, 1999, zeszyt 4.<\/p>\n","protected":false},"excerpt":{"rendered":"<p>W s\u0142u\u017cbie Nauki&#8230; W kr\u0119gu Polskiego S\u0142ownika Biograficznego. Helena Wereszycka (1907-1995) Wystawa by\u0142a prezentowana w dniach 14 XI 1998 &#8211; 14 XII 1998 Helena Wereszycka &#8211; historyk i biografista. Zwi\u0105zana od roku 1929 z Polskim S\u0142ownikiem Biograficznym. Wystawa towarzyszy\u0142a posiedzeniu naukowemu zorganizowanemu przez Instytut Historii Uniwersytetu Jagiello\u0144skiego i ekspozycji prezentowanej w Bibliotece Jagiello\u0144skiej pt. &#8222;Henryk &hellip; <\/p>\n<p class=\"read-more\"><a class=\"btn btn-default\" href=\"https:\/\/archiwumnauki.pan.pl\/?page_id=1145\"> Read More<span class=\"screen-reader-text\">  Read More<\/span><\/a><\/p>\n","protected":false},"author":55,"featured_media":0,"parent":0,"menu_order":0,"comment_status":"closed","ping_status":"closed","template":"","meta":[],"_links":{"self":[{"href":"https:\/\/archiwumnauki.pan.pl\/index.php?rest_route=\/wp\/v2\/pages\/1145"}],"collection":[{"href":"https:\/\/archiwumnauki.pan.pl\/index.php?rest_route=\/wp\/v2\/pages"}],"about":[{"href":"https:\/\/archiwumnauki.pan.pl\/index.php?rest_route=\/wp\/v2\/types\/page"}],"author":[{"embeddable":true,"href":"https:\/\/archiwumnauki.pan.pl\/index.php?rest_route=\/wp\/v2\/users\/55"}],"replies":[{"embeddable":true,"href":"https:\/\/archiwumnauki.pan.pl\/index.php?rest_route=%2Fwp%2Fv2%2Fcomments&post=1145"}],"version-history":[{"count":3,"href":"https:\/\/archiwumnauki.pan.pl\/index.php?rest_route=\/wp\/v2\/pages\/1145\/revisions"}],"predecessor-version":[{"id":2695,"href":"https:\/\/archiwumnauki.pan.pl\/index.php?rest_route=\/wp\/v2\/pages\/1145\/revisions\/2695"}],"wp:attachment":[{"href":"https:\/\/archiwumnauki.pan.pl\/index.php?rest_route=%2Fwp%2Fv2%2Fmedia&parent=1145"}],"curies":[{"name":"wp","href":"https:\/\/api.w.org\/{rel}","templated":true}]}}