{"id":1142,"date":"2019-04-30T15:57:08","date_gmt":"2019-04-30T13:57:08","guid":{"rendered":"http:\/\/archiwumnauki.pan.pl\/?page_id=1142"},"modified":"2019-04-30T15:57:08","modified_gmt":"2019-04-30T13:57:08","slug":"tadeusz-kowalski-1889-1948-i-jego-wyprawy-naukowe-wystawa-1998-06-19-1998-10-30","status":"publish","type":"page","link":"https:\/\/archiwumnauki.pan.pl\/?page_id=1142","title":{"rendered":"Tadeusz Kowalski (1889-1948) i jego wyprawy naukowe, (wystawa: 1998-06-19 &#8211; 1998-10-30)"},"content":{"rendered":"<div><em>W s\u0142u\u017cbie Nauki&#8230;<\/em><\/div>\n<div><strong>Tadeusz Kowalski (1889-1948) i jego wyprawy naukowe<\/strong><\/div>\n<div>Wystawa by\u0142a prezentowana w dniach 19 VI 1998 &#8211; 30 X 1998<\/div>\n<p><img decoding=\"async\" loading=\"lazy\" class=\"size-full wp-image-1143 alignleft\" src=\"https:\/\/archiwumnauki.pan.pl\/wp-content\/uploads\/2019\/04\/kowalski.jpg\" alt=\"\" width=\"150\" height=\"185\" \/>Tadeusz Kowalski &#8211; orientalista: arabista, iranista i turkolog. Otwarcie wystawy zosta\u0142o po\u0142\u0105czone z posiedzeniem naukowym zorganizowanym z okazji 50-tej rocznicy \u015bmierci sekretarza generalnego Polskiej Akademii Umiej\u0119tno\u015bci (1939-1948).<\/p>\n<p>Wi\u0119cej informacji mo\u017cna uzyska\u0107 w katalogu ekspozycji, &#8222;Krakowskim Roczniku Archiwalnym&#8221;, numer VI z 2000 roku, oraz w serii wydawniczej Polskiej Akademii Umiej\u0119tno\u015bci &#8222;W s\u0142u\u017cbie nauki&#8230;&#8221; nr 4 &#8211; &#8222;Tadeusz Kowalski, 1889-1948. Materia\u0142y z Posiedzenia Naukowego PAU w dniu 19 czerwca 1998 r.&#8221;, Krak\u00f3w 1999.<\/p>\n","protected":false},"excerpt":{"rendered":"<p>W s\u0142u\u017cbie Nauki&#8230; Tadeusz Kowalski (1889-1948) i jego wyprawy naukowe Wystawa by\u0142a prezentowana w dniach 19 VI 1998 &#8211; 30 X 1998 Tadeusz Kowalski &#8211; orientalista: arabista, iranista i turkolog. Otwarcie wystawy zosta\u0142o po\u0142\u0105czone z posiedzeniem naukowym zorganizowanym z okazji 50-tej rocznicy \u015bmierci sekretarza generalnego Polskiej Akademii Umiej\u0119tno\u015bci (1939-1948). Wi\u0119cej informacji mo\u017cna uzyska\u0107 w katalogu &hellip; <\/p>\n<p class=\"read-more\"><a class=\"btn btn-default\" href=\"https:\/\/archiwumnauki.pan.pl\/?page_id=1142\"> Read More<span class=\"screen-reader-text\">  Read More<\/span><\/a><\/p>\n","protected":false},"author":55,"featured_media":0,"parent":0,"menu_order":0,"comment_status":"closed","ping_status":"closed","template":"","meta":[],"_links":{"self":[{"href":"https:\/\/archiwumnauki.pan.pl\/index.php?rest_route=\/wp\/v2\/pages\/1142"}],"collection":[{"href":"https:\/\/archiwumnauki.pan.pl\/index.php?rest_route=\/wp\/v2\/pages"}],"about":[{"href":"https:\/\/archiwumnauki.pan.pl\/index.php?rest_route=\/wp\/v2\/types\/page"}],"author":[{"embeddable":true,"href":"https:\/\/archiwumnauki.pan.pl\/index.php?rest_route=\/wp\/v2\/users\/55"}],"replies":[{"embeddable":true,"href":"https:\/\/archiwumnauki.pan.pl\/index.php?rest_route=%2Fwp%2Fv2%2Fcomments&post=1142"}],"version-history":[{"count":1,"href":"https:\/\/archiwumnauki.pan.pl\/index.php?rest_route=\/wp\/v2\/pages\/1142\/revisions"}],"predecessor-version":[{"id":1144,"href":"https:\/\/archiwumnauki.pan.pl\/index.php?rest_route=\/wp\/v2\/pages\/1142\/revisions\/1144"}],"wp:attachment":[{"href":"https:\/\/archiwumnauki.pan.pl\/index.php?rest_route=%2Fwp%2Fv2%2Fmedia&parent=1142"}],"curies":[{"name":"wp","href":"https:\/\/api.w.org\/{rel}","templated":true}]}}