{"id":1137,"date":"2019-04-30T15:55:32","date_gmt":"2019-04-30T13:55:32","guid":{"rendered":"http:\/\/archiwumnauki.pan.pl\/?page_id=1137"},"modified":"2019-04-30T15:55:32","modified_gmt":"2019-04-30T13:55:32","slug":"stanislaw-tarnowski-1837-1917-wystawa-1997-11-14-1998-02-14","status":"publish","type":"page","link":"https:\/\/archiwumnauki.pan.pl\/?page_id=1137","title":{"rendered":"Stanis\u0142aw Tarnowski 1837-1917, (wystawa: 1997-11-14 &#8211; 1998-02-14)"},"content":{"rendered":"<div><em>W s\u0142u\u017cbie Nauki&#8230;<\/em><\/div>\n<div><strong>Stanis\u0142aw Tarnowski 1837-1917<\/strong><\/div>\n<div>Wystawa by\u0142a prezentowana w dniach 14 XI 1997 &#8211; 14 II 1998<\/div>\n<p style=\"text-align: justify;\"><img decoding=\"async\" loading=\"lazy\" class=\"size-full wp-image-1139 alignleft\" src=\"https:\/\/archiwumnauki.pan.pl\/wp-content\/uploads\/2019\/04\/tarnowski.jpg\" alt=\"\" width=\"186\" height=\"281\" srcset=\"https:\/\/archiwumnauki.pan.pl\/wp-content\/uploads\/2019\/04\/tarnowski.jpg 186w, https:\/\/archiwumnauki.pan.pl\/wp-content\/uploads\/2019\/04\/tarnowski-179x270.jpg 179w\" sizes=\"(max-width: 186px) 100vw, 186px\" \/>Stanis\u0142aw Tarnowski &#8211; historyk literatury, publicysta i polityk. Otwarcie wystawy zosta\u0142o po\u0142\u0105czone z uroczystym posiedzeniem naukowym zorganizowanym dla uczczenia zas\u0142ug sekretarza generalnego (1883-1890) i prezesa (1890-1917) Polskiej Akademii Umiej\u0119tno\u015bci.<\/p>\n<p style=\"text-align: justify;\">Wi\u0119cej informacji mo\u017cna uzyska\u0107: w katalogu ekspozycji, &#8222;Krakowskim Roczniku Archiwalnym&#8221;, numer V z 1999 roku, oraz w serii wydawniczej Polskiej Akademii Umiej\u0119tno\u015bci &#8222;W s\u0142u\u017cbie nauki&#8230;&#8221; nr 3 &#8211; &#8222;Stanis\u0142aw Tarnowski, 1837-1917. Materia\u0142y z Posiedzenia Naukowego PAU w dniu 14 listopada 1997 r.&#8221;, Krak\u00f3w 1999.<\/p>\n","protected":false},"excerpt":{"rendered":"<p>W s\u0142u\u017cbie Nauki&#8230; Stanis\u0142aw Tarnowski 1837-1917 Wystawa by\u0142a prezentowana w dniach 14 XI 1997 &#8211; 14 II 1998 Stanis\u0142aw Tarnowski &#8211; historyk literatury, publicysta i polityk. Otwarcie wystawy zosta\u0142o po\u0142\u0105czone z uroczystym posiedzeniem naukowym zorganizowanym dla uczczenia zas\u0142ug sekretarza generalnego (1883-1890) i prezesa (1890-1917) Polskiej Akademii Umiej\u0119tno\u015bci. Wi\u0119cej informacji mo\u017cna uzyska\u0107: w katalogu ekspozycji, &#8222;Krakowskim &hellip; <\/p>\n<p class=\"read-more\"><a class=\"btn btn-default\" href=\"https:\/\/archiwumnauki.pan.pl\/?page_id=1137\"> Read More<span class=\"screen-reader-text\">  Read More<\/span><\/a><\/p>\n","protected":false},"author":55,"featured_media":0,"parent":0,"menu_order":0,"comment_status":"closed","ping_status":"closed","template":"","meta":[],"_links":{"self":[{"href":"https:\/\/archiwumnauki.pan.pl\/index.php?rest_route=\/wp\/v2\/pages\/1137"}],"collection":[{"href":"https:\/\/archiwumnauki.pan.pl\/index.php?rest_route=\/wp\/v2\/pages"}],"about":[{"href":"https:\/\/archiwumnauki.pan.pl\/index.php?rest_route=\/wp\/v2\/types\/page"}],"author":[{"embeddable":true,"href":"https:\/\/archiwumnauki.pan.pl\/index.php?rest_route=\/wp\/v2\/users\/55"}],"replies":[{"embeddable":true,"href":"https:\/\/archiwumnauki.pan.pl\/index.php?rest_route=%2Fwp%2Fv2%2Fcomments&post=1137"}],"version-history":[{"count":1,"href":"https:\/\/archiwumnauki.pan.pl\/index.php?rest_route=\/wp\/v2\/pages\/1137\/revisions"}],"predecessor-version":[{"id":1140,"href":"https:\/\/archiwumnauki.pan.pl\/index.php?rest_route=\/wp\/v2\/pages\/1137\/revisions\/1140"}],"wp:attachment":[{"href":"https:\/\/archiwumnauki.pan.pl\/index.php?rest_route=%2Fwp%2Fv2%2Fmedia&parent=1137"}],"curies":[{"name":"wp","href":"https:\/\/api.w.org\/{rel}","templated":true}]}}