{"id":1134,"date":"2019-04-30T15:54:00","date_gmt":"2019-04-30T13:54:00","guid":{"rendered":"http:\/\/archiwumnauki.pan.pl\/?page_id=1134"},"modified":"2021-02-02T12:04:17","modified_gmt":"2021-02-02T11:04:17","slug":"ojciec-i-corka-karol-lanckoronski-1848-1933-karolina-lanckoronska-wystawa-1997-06-20-1997-09-03","status":"publish","type":"page","link":"https:\/\/archiwumnauki.pan.pl\/?page_id=1134","title":{"rendered":"&#8222;Ojciec i c\u00f3rka&#8230;&#8221; Karol Lanckoro\u0144ski (1848-1933), Karolina Lanckoro\u0144ska (1898-2002), (wystawa: 1997-06-20 &#8211; 1997-09-03)"},"content":{"rendered":"<div style=\"text-align: justify;\"><em>W s\u0142u\u017cbie Nauki&#8230;<\/em><\/div>\n<div style=\"text-align: justify;\">&#8222;Ojciec i c\u00f3rka&#8230;&#8221; Karol Lanckoro\u0144ski (1848-1933), Karolina Lanckoro\u0144ska (1898-2002)<\/div>\n<div style=\"text-align: justify;\">Wystawa by\u0142a prezentowana w dniach 20 VI 1997 &#8211; 03 IX 1997<\/div>\n<p style=\"text-align: justify;\"><img decoding=\"async\" loading=\"lazy\" class=\"size-full wp-image-1135 alignleft\" src=\"https:\/\/archiwumnauki.pan.pl\/wp-content\/uploads\/2019\/04\/lanckoronscy.jpg\" alt=\"\" width=\"179\" height=\"241\" \/>Karol Lanckoro\u0144ski (1848-1933) &#8211; mecenas i historyk sztuki, Karolina Lanckoro\u0144ska (1898-2002) &#8211; historyk sztuki, tw\u00f3rca Polskiego Instytutu Historycznego w Rzymie. Ekspozycja zosta\u0142a zorganizowana z okazji ofiarowania Polskiej Akademii Umiej\u0119tno\u015bci Biblioteki Rozdolskiej Lanckoro\u0144skich i cz\u0119\u015bci zbior\u00f3w archiwalnych rodzinnych i naukowych przez Karolin\u0119 Lanckoro\u0144sk\u0105.<\/p>\n<p style=\"text-align: justify;\">Wi\u0119cej informacji na temat daru i wystawy mo\u017cna uzyska\u0107 w &#8222;Krakowskim Roczniku Archiwalnym&#8221;, numer V z 1999 roku, katalogu wystawy oraz &#8222;Roczniku Polskiej Akademii Umiej\u0119tno\u015bci&#8221; za 1996\/1997.<\/p>\n","protected":false},"excerpt":{"rendered":"<p>W s\u0142u\u017cbie Nauki&#8230; &#8222;Ojciec i c\u00f3rka&#8230;&#8221; Karol Lanckoro\u0144ski (1848-1933), Karolina Lanckoro\u0144ska (1898-2002) Wystawa by\u0142a prezentowana w dniach 20 VI 1997 &#8211; 03 IX 1997 Karol Lanckoro\u0144ski (1848-1933) &#8211; mecenas i historyk sztuki, Karolina Lanckoro\u0144ska (1898-2002) &#8211; historyk sztuki, tw\u00f3rca Polskiego Instytutu Historycznego w Rzymie. Ekspozycja zosta\u0142a zorganizowana z okazji ofiarowania Polskiej Akademii Umiej\u0119tno\u015bci Biblioteki Rozdolskiej &hellip; <\/p>\n<p class=\"read-more\"><a class=\"btn btn-default\" href=\"https:\/\/archiwumnauki.pan.pl\/?page_id=1134\"> Read More<span class=\"screen-reader-text\">  Read More<\/span><\/a><\/p>\n","protected":false},"author":55,"featured_media":0,"parent":0,"menu_order":0,"comment_status":"closed","ping_status":"closed","template":"","meta":[],"_links":{"self":[{"href":"https:\/\/archiwumnauki.pan.pl\/index.php?rest_route=\/wp\/v2\/pages\/1134"}],"collection":[{"href":"https:\/\/archiwumnauki.pan.pl\/index.php?rest_route=\/wp\/v2\/pages"}],"about":[{"href":"https:\/\/archiwumnauki.pan.pl\/index.php?rest_route=\/wp\/v2\/types\/page"}],"author":[{"embeddable":true,"href":"https:\/\/archiwumnauki.pan.pl\/index.php?rest_route=\/wp\/v2\/users\/55"}],"replies":[{"embeddable":true,"href":"https:\/\/archiwumnauki.pan.pl\/index.php?rest_route=%2Fwp%2Fv2%2Fcomments&post=1134"}],"version-history":[{"count":4,"href":"https:\/\/archiwumnauki.pan.pl\/index.php?rest_route=\/wp\/v2\/pages\/1134\/revisions"}],"predecessor-version":[{"id":2692,"href":"https:\/\/archiwumnauki.pan.pl\/index.php?rest_route=\/wp\/v2\/pages\/1134\/revisions\/2692"}],"wp:attachment":[{"href":"https:\/\/archiwumnauki.pan.pl\/index.php?rest_route=%2Fwp%2Fv2%2Fmedia&parent=1134"}],"curies":[{"name":"wp","href":"https:\/\/api.w.org\/{rel}","templated":true}]}}