{"id":1130,"date":"2019-04-30T15:52:05","date_gmt":"2019-04-30T13:52:05","guid":{"rendered":"http:\/\/archiwumnauki.pan.pl\/?page_id=1130"},"modified":"2021-02-02T12:06:01","modified_gmt":"2021-02-02T11:06:01","slug":"zygmunt-grodzinski-1896-1982-wystawa-1996-11-16-1997-02-14","status":"publish","type":"page","link":"https:\/\/archiwumnauki.pan.pl\/?page_id=1130","title":{"rendered":"Zygmunt Grodzi\u0144ski (1896-1982), (wystawa: 1996-11-16 &#8211; 1997-02-14)"},"content":{"rendered":"<div><em>W s\u0142u\u017cbie Nauki&#8230;<\/em><\/div>\n<div><strong>Zygmunt Grodzi\u0144ski (1896-1982)<\/strong><\/div>\n<div>Wystawa by\u0142a prezentowana w dniach 16 XI 1996 &#8211; 14 II 1997<\/div>\n<p><img decoding=\"async\" loading=\"lazy\" class=\"size-full wp-image-1131 alignleft\" src=\"https:\/\/archiwumnauki.pan.pl\/wp-content\/uploads\/2019\/04\/grodzinski.jpg\" alt=\"\" width=\"167\" height=\"221\" \/>Zygmunt Grodzi\u0144ski (1896-1982) &#8211; zoolog. Wystaw\u0119 zorganizowano w stulecie urodzin sekretarza Wydzia\u0142u Matematyczno-Przyrodniczego Polskiej Akademii Umiej\u0119tno\u015bci (1948-1952, 1957-1958), rektora Uniwersytetu Jagiello\u0144skiego (1956-1958), cz\u0142onka Polskiej Akademii Nauk.<\/p>\n<p>Wi\u0119cej informacji mo\u017cna uzyska\u0107 w katalogu ekspozycji, w &#8222;Krakowskim Roczniku Archiwalnym&#8221;, numer IV z 1998 roku, oraz w publikacji &#8222;Profesor Zygmunt Grodzi\u0144ski we wspomnieniach&#8221;, Krak\u00f3w 2002<\/p>\n","protected":false},"excerpt":{"rendered":"<p>W s\u0142u\u017cbie Nauki&#8230; Zygmunt Grodzi\u0144ski (1896-1982) Wystawa by\u0142a prezentowana w dniach 16 XI 1996 &#8211; 14 II 1997 Zygmunt Grodzi\u0144ski (1896-1982) &#8211; zoolog. Wystaw\u0119 zorganizowano w stulecie urodzin sekretarza Wydzia\u0142u Matematyczno-Przyrodniczego Polskiej Akademii Umiej\u0119tno\u015bci (1948-1952, 1957-1958), rektora Uniwersytetu Jagiello\u0144skiego (1956-1958), cz\u0142onka Polskiej Akademii Nauk. Wi\u0119cej informacji mo\u017cna uzyska\u0107 w katalogu ekspozycji, w &#8222;Krakowskim Roczniku Archiwalnym&#8221;, &hellip; <\/p>\n<p class=\"read-more\"><a class=\"btn btn-default\" href=\"https:\/\/archiwumnauki.pan.pl\/?page_id=1130\"> Read More<span class=\"screen-reader-text\">  Read More<\/span><\/a><\/p>\n","protected":false},"author":55,"featured_media":0,"parent":0,"menu_order":0,"comment_status":"closed","ping_status":"closed","template":"","meta":[],"_links":{"self":[{"href":"https:\/\/archiwumnauki.pan.pl\/index.php?rest_route=\/wp\/v2\/pages\/1130"}],"collection":[{"href":"https:\/\/archiwumnauki.pan.pl\/index.php?rest_route=\/wp\/v2\/pages"}],"about":[{"href":"https:\/\/archiwumnauki.pan.pl\/index.php?rest_route=\/wp\/v2\/types\/page"}],"author":[{"embeddable":true,"href":"https:\/\/archiwumnauki.pan.pl\/index.php?rest_route=\/wp\/v2\/users\/55"}],"replies":[{"embeddable":true,"href":"https:\/\/archiwumnauki.pan.pl\/index.php?rest_route=%2Fwp%2Fv2%2Fcomments&post=1130"}],"version-history":[{"count":3,"href":"https:\/\/archiwumnauki.pan.pl\/index.php?rest_route=\/wp\/v2\/pages\/1130\/revisions"}],"predecessor-version":[{"id":2694,"href":"https:\/\/archiwumnauki.pan.pl\/index.php?rest_route=\/wp\/v2\/pages\/1130\/revisions\/2694"}],"wp:attachment":[{"href":"https:\/\/archiwumnauki.pan.pl\/index.php?rest_route=%2Fwp%2Fv2%2Fmedia&parent=1130"}],"curies":[{"name":"wp","href":"https:\/\/api.w.org\/{rel}","templated":true}]}}