{"id":1125,"date":"2019-04-30T15:49:11","date_gmt":"2019-04-30T13:49:11","guid":{"rendered":"http:\/\/archiwumnauki.pan.pl\/?page_id=1125"},"modified":"2021-02-02T12:05:37","modified_gmt":"2021-02-02T11:05:37","slug":"stanislaw-kutrzeba-1886-1946-wystawa-1996-06-22-1996-09-30","status":"publish","type":"page","link":"https:\/\/archiwumnauki.pan.pl\/?page_id=1125","title":{"rendered":"Stanis\u0142aw Kutrzeba (1886-1946), (wystawa: 1996-06-22 &#8211; 1996-09-30)"},"content":{"rendered":"<div><em>W s\u0142u\u017cbie Nauki&#8230;<\/em><\/div>\n<div><strong>Stanis\u0142aw Kutrzeba (1876-1946)<\/strong><\/div>\n<div>Wystawa by\u0142a prezentowana w dniach 22 VI 1996 &#8211; 30 IX 1996<\/div>\n<div>\n<p><img decoding=\"async\" loading=\"lazy\" class=\"size-full wp-image-1121 alignleft\" src=\"https:\/\/archiwumnauki.pan.pl\/wp-content\/uploads\/2019\/04\/kutrzeba.jpg\" alt=\"\" width=\"139\" height=\"185\" \/><\/p>\n<p style=\"text-align: justify;\">Stanis\u0142aw Kutrzeba &#8211; prawnik, historyk ustroju, archiwista. Wystaw\u0119 i uroczyste posiedzenie zorganizowano dla uczczenia 120-tej rocznicy urodzin i 50-tej rocznicy \u015bmierci sekretarza generalnego (1926-1939) i prezesa (1939-1946) Polskiej Akademii Umiej\u0119tno\u015bci, rektora Uniwersytetu Jagiello\u0144skiego.<\/p>\n<p style=\"text-align: justify;\">Wi\u0119cej informacji mo\u017cna uzyska\u0107 w katalogu wystawy oraz w serii wydawniczej Polskiej Akademii Umiej\u0119tno\u015bci &#8222;W s\u0142u\u017cbie nauki&#8230;&#8221; nr 2 &#8211; &#8222;Stanis\u0142aw Kutrzeba, 1876-1946. Materia\u0142y z Uroczystego Posiedzenia PAU w dniu 24 czerwca 1996 r.&#8221;, Krak\u00f3w 1998.<\/p>\n<\/div>\n","protected":false},"excerpt":{"rendered":"<p>W s\u0142u\u017cbie Nauki&#8230; Stanis\u0142aw Kutrzeba (1876-1946) Wystawa by\u0142a prezentowana w dniach 22 VI 1996 &#8211; 30 IX 1996 Stanis\u0142aw Kutrzeba &#8211; prawnik, historyk ustroju, archiwista. Wystaw\u0119 i uroczyste posiedzenie zorganizowano dla uczczenia 120-tej rocznicy urodzin i 50-tej rocznicy \u015bmierci sekretarza generalnego (1926-1939) i prezesa (1939-1946) Polskiej Akademii Umiej\u0119tno\u015bci, rektora Uniwersytetu Jagiello\u0144skiego. Wi\u0119cej informacji mo\u017cna uzyska\u0107 &hellip; <\/p>\n<p class=\"read-more\"><a class=\"btn btn-default\" href=\"https:\/\/archiwumnauki.pan.pl\/?page_id=1125\"> Read More<span class=\"screen-reader-text\">  Read More<\/span><\/a><\/p>\n","protected":false},"author":55,"featured_media":0,"parent":0,"menu_order":0,"comment_status":"closed","ping_status":"closed","template":"","meta":[],"_links":{"self":[{"href":"https:\/\/archiwumnauki.pan.pl\/index.php?rest_route=\/wp\/v2\/pages\/1125"}],"collection":[{"href":"https:\/\/archiwumnauki.pan.pl\/index.php?rest_route=\/wp\/v2\/pages"}],"about":[{"href":"https:\/\/archiwumnauki.pan.pl\/index.php?rest_route=\/wp\/v2\/types\/page"}],"author":[{"embeddable":true,"href":"https:\/\/archiwumnauki.pan.pl\/index.php?rest_route=\/wp\/v2\/users\/55"}],"replies":[{"embeddable":true,"href":"https:\/\/archiwumnauki.pan.pl\/index.php?rest_route=%2Fwp%2Fv2%2Fcomments&post=1125"}],"version-history":[{"count":4,"href":"https:\/\/archiwumnauki.pan.pl\/index.php?rest_route=\/wp\/v2\/pages\/1125\/revisions"}],"predecessor-version":[{"id":2693,"href":"https:\/\/archiwumnauki.pan.pl\/index.php?rest_route=\/wp\/v2\/pages\/1125\/revisions\/2693"}],"wp:attachment":[{"href":"https:\/\/archiwumnauki.pan.pl\/index.php?rest_route=%2Fwp%2Fv2%2Fmedia&parent=1125"}],"curies":[{"name":"wp","href":"https:\/\/api.w.org\/{rel}","templated":true}]}}